{"id":6106,"date":"2022-02-23T17:12:17","date_gmt":"2022-02-23T16:12:17","guid":{"rendered":"https:\/\/reventure.de\/?page_id=6106"},"modified":"2023-05-23T17:57:37","modified_gmt":"2023-05-23T15:57:37","slug":"datenschutz","status":"publish","type":"page","link":"https:\/\/reventure.de\/pl\/datenschutz\/","title":{"rendered":"Ochrona danych"},"content":{"rendered":"<div data-elementor-type=\"wp-page\" data-elementor-id=\"6106\" class=\"elementor elementor-6106\" data-elementor-post-type=\"page\">\n\t\t\t\t\t\t<section class=\"elementor-section elementor-top-section elementor-element elementor-element-7349c4f elementor-section-boxed elementor-section-height-default elementor-section-height-default qodef-elementor-content-no\" data-id=\"7349c4f\" data-element_type=\"section\" data-e-type=\"section\">\n\t\t\t\t\t\t<div class=\"elementor-container elementor-column-gap-default\">\n\t\t\t\t\t<div class=\"elementor-column elementor-col-100 elementor-top-column elementor-element elementor-element-ab40ccd\" data-id=\"ab40ccd\" data-element_type=\"column\" data-e-type=\"column\">\n\t\t\t<div class=\"elementor-widget-wrap elementor-element-populated\">\n\t\t\t\t\t\t<div class=\"elementor-element elementor-element-d9ed96b elementor-widget elementor-widget-text-editor\" data-id=\"d9ed96b\" data-element_type=\"widget\" data-e-type=\"widget\" data-widget_type=\"text-editor.default\">\n\t\t\t\t<div class=\"elementor-widget-container\">\n\t\t\t\t\t\t\t\t\t<p><b>Informacje og\u00f3lne i informacje obowi\u0105zkowe<\/b><\/p>\n<p><b>Wyznaczenie organu odpowiedzialnego<\/b><\/p>\n<p>Administratorem danych dla tej strony internetowej jest:<\/p>\n<p>re.venture GmbH<br>Jens Kompauer<br>Arndtstr. 23<br>12489 Berlin<\/p>\n<p>Administrator samodzielnie lub wsp\u00f3lnie z innymi decyduje o celach i \u015brodkach przetwarzania danych osobowych (np. imion i nazwisk, danych kontaktowych itp.).<\/p>\n<p><b>Cofni\u0119cie zgody na przetwarzanie danych<br><\/b>Niekt\u00f3re operacje przetwarzania danych s\u0105 mo\u017cliwe tylko za wyra\u017an\u0105 zgod\u0105 u\u017cytkownika. U\u017cytkownik mo\u017ce odwo\u0142a\u0107 swoj\u0105 zgod\u0119 w dowolnym momencie. Do cofni\u0119cia zgody wystarczy nieformalne powiadomienie poczt\u0105 elektroniczn\u0105. Cofni\u0119cie zgody nie ma wp\u0142ywu na zgodno\u015b\u0107 z prawem przetwarzania danych prowadzonego do momentu cofni\u0119cia zgody.<\/p>\n<p><b>Prawo do z\u0142o\u017cenia skargi do w\u0142a\u015bciwego organu nadzorczego<br><\/b>Jako osoba, kt\u00f3rej dane dotycz\u0105, masz prawo do z\u0142o\u017cenia skargi do w\u0142a\u015bciwego organu nadzorczego w przypadku naruszenia przepis\u00f3w o ochronie danych. W\u0142a\u015bciwym organem nadzorczym w kwestiach ochrony danych jest inspektor ochrony danych kraju zwi\u0105zkowego, w kt\u00f3rym znajduje si\u0119 siedziba naszej firmy. Poni\u017cszy link zawiera list\u0119 inspektor\u00f3w ochrony danych i ich dane kontaktowe:&nbsp;<a href=\"https:\/\/www.bfdi.bund.de\/DE\/Infothek\/Anschriften_Links\/anschriften_links-node.html\" target=\"_blank\" rel=\"noopener\">https:\/\/www.bfdi.bund.de\/DE\/Infothek\/Anschriften_Links\/anschriften_links-node.html<\/a>.<\/p>\n<p><b>Prawo do przenoszenia danych<br><\/b>U\u017cytkownik ma prawo do tego, aby dane, kt\u00f3re przetwarzamy automatycznie na podstawie jego zgody lub w ramach realizacji umowy, zosta\u0142y przekazane u\u017cytkownikowi lub stronom trzecim. Dane zostan\u0105 przekazane w formacie nadaj\u0105cym si\u0119 do odczytu maszynowego. Je\u015bli u\u017cytkownik za\u017c\u0105da bezpo\u015bredniego przekazania danych innej osobie odpowiedzialnej, zostanie to wykonane tylko w zakresie, w jakim jest to technicznie wykonalne.<\/p>\n<p><b>Prawo do informacji, poprawiania, blokowania, usuwania<\/b><br>W ramach obowi\u0105zuj\u0105cych przepis\u00f3w prawnych u\u017cytkownik ma prawo w dowolnym momencie do bezp\u0142atnej informacji o przechowywanych danych osobowych, pochodzeniu danych, ich odbiorcach i celu przetwarzania danych oraz, w stosownych przypadkach, prawo do sprostowania, zablokowania lub usuni\u0119cia tych danych. W zwi\u0105zku z tym, a tak\u017ce w przypadku dalszych pyta\u0144 dotycz\u0105cych danych osobowych, mo\u017cesz skontaktowa\u0107 si\u0119 z nami w dowolnym momencie za po\u015brednictwem opcji kontaktowych wymienionych w stopce redakcyjnej.<\/p>\n<p><b>Szyfrowanie SSL lub TLS<br><\/b>Ze wzgl\u0119d\u00f3w bezpiecze\u0144stwa i w celu ochrony transmisji poufnych tre\u015bci przesy\u0142anych do nas jako operatora witryny, nasza witryna wykorzystuje szyfrowanie SSL lub TLS. Oznacza to, \u017ce dane przesy\u0142ane za po\u015brednictwem tej witryny nie mog\u0105 by\u0107 odczytywane przez osoby trzecie. Po\u0142\u0105czenie szyfrowane mo\u017cna rozpozna\u0107 po wierszu adresu przegl\u0105darki \"https:\/\/\" i symbolu k\u0142\u00f3dki w wierszu przegl\u0105darki.<\/p>\n<p><b>Formularz kontaktowy<br><\/b>Dane przes\u0142ane za po\u015brednictwem formularza kontaktowego, w tym dane kontaktowe u\u017cytkownika, s\u0105 przechowywane w celu przetworzenia zapytania lub udzielenia odpowiedzi na dalsze pytania. Dane te nie b\u0119d\u0105 przekazywane dalej bez zgody u\u017cytkownika.<\/p>\n<p>Dane wprowadzone w formularzu kontaktowym s\u0105 przetwarzane wy\u0142\u0105cznie na podstawie zgody u\u017cytkownika (art. 6 ust. 1 lit. a DSGVO). Zgod\u0119 mo\u017cna wycofa\u0107 w dowolnym momencie. Nieformalna komunikacja za po\u015brednictwem poczty elektronicznej jest wystarczaj\u0105ca do odwo\u0142ania. Cofni\u0119cie zgody nie ma wp\u0142ywu na zgodno\u015b\u0107 z prawem operacji przetwarzania danych przeprowadzanych do momentu cofni\u0119cia zgody.<\/p>\n<p>Dane przes\u0142ane za po\u015brednictwem formularza kontaktowego pozostan\u0105 u nas do czasu, gdy u\u017cytkownik za\u017c\u0105da ich usuni\u0119cia, cofnie zgod\u0119 na ich przechowywanie lub nie b\u0119dzie ju\u017c potrzeby ich przechowywania. Obowi\u0105zkowe przepisy prawne - w szczeg\u00f3lno\u015bci okresy przechowywania - pozostaj\u0105 nienaruszone.<\/p>\n<p><b>Google Web Fonts<br><\/b>Nasza witryna korzysta z czcionek internetowych Google. Dostawc\u0105 jest Google Inc., 1600 Amphitheatre Parkway, Mountain View, CA 94043, USA.<\/p>\n<p>Korzystaj\u0105c z tych czcionek internetowych, mo\u017cliwe jest przedstawienie u\u017cytkownikowi po\u017c\u0105danej przez nas prezentacji naszej strony internetowej, niezale\u017cnie od tego, kt\u00f3re czcionki s\u0105 dost\u0119pne lokalnie. Odbywa si\u0119 to poprzez pobieranie czcionek internetowych Google z serwera Google w USA i zwi\u0105zane z tym przesy\u0142anie danych u\u017cytkownika do Google. Jest to adres IP u\u017cytkownika i odwiedzane przez niego strony. Korzystanie z czcionek internetowych Google opiera si\u0119 na art. 6 ust. 1 lit. f DSGVO. Jako operator tej strony internetowej mamy uzasadniony interes w optymalnej prezentacji i transmisji naszej strony internetowej.<\/p>\n<p>Das Unternehmen Google ist f\u00fcr das us-europ\u00e4ische Datenschutz\u00fcbereinkommen &#8220;Privacy Shield&#8221; zertifiziert. Dieses Datenschutz\u00fcbereinkommen soll die Einhaltung des in der EU geltenden Datenschutzniveaus gew\u00e4hrleisten.<\/p>\n<p>Szczeg\u00f3\u0142owe informacje na temat Google Web Fonts mo\u017cna znale\u017a\u0107 na stronie:&nbsp;<a href=\"https:\/\/www.google.com\/fonts#AboutPlace:about\" target=\"_blank\" rel=\"noopener\">https:\/\/www.google.com\/fonts#AboutPlace:about<\/a>&nbsp;oraz dalsze informacje w polityce prywatno\u015bci Google:&nbsp;<a href=\"https:\/\/policies.google.com\/privacy\/partners?hl=de\" target=\"_blank\" rel=\"noopener\">https:\/\/policies.google.com\/privacy\/partners?hl=de<\/a><\/p>\n<p><b>Matomo Analytics<\/b><\/p>\n<p>Mit Ihrer Einwilligung verwenden wir die Open-Source-Software Matomo zur Analyse und statistischen Auswertung der Nutzung der Website. Hierzu werden Cookies eingesetzt. Die dadurch erhaltenen Informationen \u00fcber die Websitenutzung werden ausschlie\u00dflich an unsere Server \u00fcbertragen und in pseudonymen Nutzungsprofilen zusammengefasst. Die Daten verwenden wir zur Auswertung der Nutzung der Website. Eine Weitergabe der erfassten Daten an Dritte erfolgt nicht.<\/p>\n<p>Die IP-Adressen werden anonymisiert (IPMasking), sodass eine Zuordnung zu einzelnen Nutzern nicht m\u00f6glich ist.<\/p>\n<p>Die Verarbeitung der Daten erfolgt auf Grundlage von Art. 6 Abs. 1 S. 1 lit. a DSGVO. Wir verfolgen damit unser berechtigtes Interesse an der Optimierung unserer Webseite f\u00fcr unsere Au\u00dfendarstellung.<\/p>\n<p>Sie k\u00f6nnen Ihre Einwilligung jederzeit widerrufen, indem Sie die Cookies in Ihrem Browser l\u00f6schen oder Ihre Datenschutzeinstellungen \u00e4ndern.<\/p>\n<p>\u0179r\u00f3d\u0142o: Konfigurator ochrony danych od&nbsp;<a href=\"http:\/\/www.mein-datenschutzbeauftragter.de\/\">http:\/\/www.mein-datenschutzbeauftragter.de<\/a><\/p>\t\t\t\t\t\t\t\t<\/div>\n\t\t\t\t<\/div>\n\t\t\t\t\t<\/div>\n\t\t<\/div>\n\t\t\t\t\t<\/div>\n\t\t<\/section>\n\t\t\t\t<\/div>","protected":false},"excerpt":{"rendered":"<p>Allgemeiner Hinweis und Pflichtinformationen Benennung der verantwortlichen Stelle Die verantwortliche Stelle f\u00fcr die Datenverarbeitung auf dieser Website ist: re.venture GmbHJens KompauerArndtstr. 2312489 Berlin Die verantwortliche Stelle entscheidet allein oder gemeinsam mit anderen \u00fcber die Zwecke und Mittel der Verarbeitung von personenbezogenen Daten (z.B. Namen, Kontaktdaten o. \u00c4.). Widerruf Ihrer Einwilligung zur DatenverarbeitungNur mit Ihrer ausdr\u00fccklichen [&hellip;]<\/p>\n","protected":false},"author":1,"featured_media":0,"parent":0,"menu_order":0,"comment_status":"closed","ping_status":"closed","template":"page-full-width.php","meta":{"footnotes":""},"class_list":["post-6106","page","type-page","status-publish","hentry"],"yoast_head":"<!-- This site is optimized with the Yoast SEO plugin v27.3 - https:\/\/yoast.com\/product\/yoast-seo-wordpress\/ -->\n<title>Datenschutz - Reventure<\/title>\n<meta name=\"robots\" content=\"index, follow, max-snippet:-1, max-image-preview:large, max-video-preview:-1\" \/>\n<link rel=\"canonical\" href=\"https:\/\/reventure.de\/pl\/datenschutz\/\" \/>\n<meta property=\"og:locale\" content=\"pl_PL\" \/>\n<meta property=\"og:type\" content=\"article\" \/>\n<meta property=\"og:title\" content=\"Datenschutz - Reventure\" \/>\n<meta property=\"og:description\" content=\"Allgemeiner Hinweis und Pflichtinformationen Benennung der verantwortlichen Stelle Die verantwortliche Stelle f\u00fcr die Datenverarbeitung auf dieser Website ist: re.venture GmbHJens KompauerArndtstr. 2312489 Berlin Die verantwortliche Stelle entscheidet allein oder gemeinsam mit anderen \u00fcber die Zwecke und Mittel der Verarbeitung von personenbezogenen Daten (z.B. Namen, Kontaktdaten o. \u00c4.). Widerruf Ihrer Einwilligung zur DatenverarbeitungNur mit Ihrer ausdr\u00fccklichen [&hellip;]\" \/>\n<meta property=\"og:url\" content=\"https:\/\/reventure.de\/pl\/datenschutz\/\" \/>\n<meta property=\"og:site_name\" content=\"Reventure\" \/>\n<meta property=\"article:modified_time\" content=\"2023-05-23T15:57:37+00:00\" \/>\n<meta name=\"twitter:card\" content=\"summary_large_image\" \/>\n<meta name=\"twitter:label1\" content=\"Szacowany czas czytania\" \/>\n\t<meta name=\"twitter:data1\" content=\"5 minut\" \/>\n<script type=\"application\/ld+json\" class=\"yoast-schema-graph\">{\"@context\":\"https:\\\/\\\/schema.org\",\"@graph\":[{\"@type\":\"WebPage\",\"@id\":\"https:\\\/\\\/reventure.de\\\/datenschutz\\\/\",\"url\":\"https:\\\/\\\/reventure.de\\\/datenschutz\\\/\",\"name\":\"Datenschutz - Reventure\",\"isPartOf\":{\"@id\":\"https:\\\/\\\/reventure.de\\\/#website\"},\"datePublished\":\"2022-02-23T16:12:17+00:00\",\"dateModified\":\"2023-05-23T15:57:37+00:00\",\"breadcrumb\":{\"@id\":\"https:\\\/\\\/reventure.de\\\/datenschutz\\\/#breadcrumb\"},\"inLanguage\":\"pl-PL\",\"potentialAction\":[{\"@type\":\"ReadAction\",\"target\":[\"https:\\\/\\\/reventure.de\\\/datenschutz\\\/\"]}]},{\"@type\":\"BreadcrumbList\",\"@id\":\"https:\\\/\\\/reventure.de\\\/datenschutz\\\/#breadcrumb\",\"itemListElement\":[{\"@type\":\"ListItem\",\"position\":1,\"name\":\"Startseite\",\"item\":\"https:\\\/\\\/reventure.de\\\/\"},{\"@type\":\"ListItem\",\"position\":2,\"name\":\"Datenschutz\"}]},{\"@type\":\"WebSite\",\"@id\":\"https:\\\/\\\/reventure.de\\\/#website\",\"url\":\"https:\\\/\\\/reventure.de\\\/\",\"name\":\"Reventure\",\"description\":\"Energieprojekte der n\u00e4chsten Generation\",\"publisher\":{\"@id\":\"https:\\\/\\\/reventure.de\\\/#organization\"},\"potentialAction\":[{\"@type\":\"SearchAction\",\"target\":{\"@type\":\"EntryPoint\",\"urlTemplate\":\"https:\\\/\\\/reventure.de\\\/?s={search_term_string}\"},\"query-input\":{\"@type\":\"PropertyValueSpecification\",\"valueRequired\":true,\"valueName\":\"search_term_string\"}}],\"inLanguage\":\"pl-PL\"},{\"@type\":\"Organization\",\"@id\":\"https:\\\/\\\/reventure.de\\\/#organization\",\"name\":\"re.venture GmbH\",\"url\":\"https:\\\/\\\/reventure.de\\\/\",\"logo\":{\"@type\":\"ImageObject\",\"inLanguage\":\"pl-PL\",\"@id\":\"https:\\\/\\\/reventure.de\\\/#\\\/schema\\\/logo\\\/image\\\/\",\"url\":\"https:\\\/\\\/reventure.de\\\/wp-content\\\/uploads\\\/2022\\\/03\\\/reventure-logo.png\",\"contentUrl\":\"https:\\\/\\\/reventure.de\\\/wp-content\\\/uploads\\\/2022\\\/03\\\/reventure-logo.png\",\"width\":4066,\"height\":1000,\"caption\":\"re.venture GmbH\"},\"image\":{\"@id\":\"https:\\\/\\\/reventure.de\\\/#\\\/schema\\\/logo\\\/image\\\/\"},\"sameAs\":[\"https:\\\/\\\/www.linkedin.com\\\/company\\\/re.venture-gmbh\"]}]}<\/script>\n<!-- \/ Yoast SEO plugin. -->","yoast_head_json":{"title":"Datenschutz - Reventure","robots":{"index":"index","follow":"follow","max-snippet":"max-snippet:-1","max-image-preview":"max-image-preview:large","max-video-preview":"max-video-preview:-1"},"canonical":"https:\/\/reventure.de\/pl\/datenschutz\/","og_locale":"pl_PL","og_type":"article","og_title":"Datenschutz - Reventure","og_description":"Allgemeiner Hinweis und Pflichtinformationen Benennung der verantwortlichen Stelle Die verantwortliche Stelle f\u00fcr die Datenverarbeitung auf dieser Website ist: re.venture GmbHJens KompauerArndtstr. 2312489 Berlin Die verantwortliche Stelle entscheidet allein oder gemeinsam mit anderen \u00fcber die Zwecke und Mittel der Verarbeitung von personenbezogenen Daten (z.B. Namen, Kontaktdaten o. \u00c4.). Widerruf Ihrer Einwilligung zur DatenverarbeitungNur mit Ihrer ausdr\u00fccklichen [&hellip;]","og_url":"https:\/\/reventure.de\/pl\/datenschutz\/","og_site_name":"Reventure","article_modified_time":"2023-05-23T15:57:37+00:00","twitter_card":"summary_large_image","twitter_misc":{"Szacowany czas czytania":"5 minut"},"schema":{"@context":"https:\/\/schema.org","@graph":[{"@type":"WebPage","@id":"https:\/\/reventure.de\/datenschutz\/","url":"https:\/\/reventure.de\/datenschutz\/","name":"Datenschutz - Reventure","isPartOf":{"@id":"https:\/\/reventure.de\/#website"},"datePublished":"2022-02-23T16:12:17+00:00","dateModified":"2023-05-23T15:57:37+00:00","breadcrumb":{"@id":"https:\/\/reventure.de\/datenschutz\/#breadcrumb"},"inLanguage":"pl-PL","potentialAction":[{"@type":"ReadAction","target":["https:\/\/reventure.de\/datenschutz\/"]}]},{"@type":"BreadcrumbList","@id":"https:\/\/reventure.de\/datenschutz\/#breadcrumb","itemListElement":[{"@type":"ListItem","position":1,"name":"Startseite","item":"https:\/\/reventure.de\/"},{"@type":"ListItem","position":2,"name":"Datenschutz"}]},{"@type":"WebSite","@id":"https:\/\/reventure.de\/#website","url":"https:\/\/reventure.de\/","name":"Reventure","description":"Projekty energetyczne nowej generacji","publisher":{"@id":"https:\/\/reventure.de\/#organization"},"potentialAction":[{"@type":"SearchAction","target":{"@type":"EntryPoint","urlTemplate":"https:\/\/reventure.de\/?s={search_term_string}"},"query-input":{"@type":"PropertyValueSpecification","valueRequired":true,"valueName":"search_term_string"}}],"inLanguage":"pl-PL"},{"@type":"Organization","@id":"https:\/\/reventure.de\/#organization","name":"re.venture GmbH","url":"https:\/\/reventure.de\/","logo":{"@type":"ImageObject","inLanguage":"pl-PL","@id":"https:\/\/reventure.de\/#\/schema\/logo\/image\/","url":"https:\/\/reventure.de\/wp-content\/uploads\/2022\/03\/reventure-logo.png","contentUrl":"https:\/\/reventure.de\/wp-content\/uploads\/2022\/03\/reventure-logo.png","width":4066,"height":1000,"caption":"re.venture GmbH"},"image":{"@id":"https:\/\/reventure.de\/#\/schema\/logo\/image\/"},"sameAs":["https:\/\/www.linkedin.com\/company\/re.venture-gmbh"]}]}},"_links":{"self":[{"href":"https:\/\/reventure.de\/pl\/wp-json\/wp\/v2\/pages\/6106","targetHints":{"allow":["GET"]}}],"collection":[{"href":"https:\/\/reventure.de\/pl\/wp-json\/wp\/v2\/pages"}],"about":[{"href":"https:\/\/reventure.de\/pl\/wp-json\/wp\/v2\/types\/page"}],"author":[{"embeddable":true,"href":"https:\/\/reventure.de\/pl\/wp-json\/wp\/v2\/users\/1"}],"replies":[{"embeddable":true,"href":"https:\/\/reventure.de\/pl\/wp-json\/wp\/v2\/comments?post=6106"}],"version-history":[{"count":13,"href":"https:\/\/reventure.de\/pl\/wp-json\/wp\/v2\/pages\/6106\/revisions"}],"predecessor-version":[{"id":10225,"href":"https:\/\/reventure.de\/pl\/wp-json\/wp\/v2\/pages\/6106\/revisions\/10225"}],"wp:attachment":[{"href":"https:\/\/reventure.de\/pl\/wp-json\/wp\/v2\/media?parent=6106"}],"curies":[{"name":"wp","href":"https:\/\/api.w.org\/{rel}","templated":true}]}}