{"id":6099,"date":"2022-02-23T17:11:03","date_gmt":"2022-02-23T16:11:03","guid":{"rendered":"https:\/\/reventure.de\/?page_id=6099"},"modified":"2025-11-25T15:17:53","modified_gmt":"2025-11-25T14:17:53","slug":"impressum","status":"publish","type":"page","link":"https:\/\/reventure.de\/pl\/impressum\/","title":{"rendered":"Stopka Redakcyjna"},"content":{"rendered":"<div data-elementor-type=\"wp-page\" data-elementor-id=\"6099\" class=\"elementor elementor-6099\" data-elementor-post-type=\"page\">\n\t\t\t\t\t\t<section class=\"elementor-section elementor-top-section elementor-element elementor-element-fee1f52 elementor-section-boxed elementor-section-height-default elementor-section-height-default qodef-elementor-content-no\" data-id=\"fee1f52\" data-element_type=\"section\" data-e-type=\"section\">\n\t\t\t\t\t\t<div class=\"elementor-container elementor-column-gap-default\">\n\t\t\t\t\t<div class=\"elementor-column elementor-col-100 elementor-top-column elementor-element elementor-element-4068fa1\" data-id=\"4068fa1\" data-element_type=\"column\" data-e-type=\"column\">\n\t\t\t<div class=\"elementor-widget-wrap elementor-element-populated\">\n\t\t\t\t\t\t<div class=\"elementor-element elementor-element-f135bd4 elementor-widget elementor-widget-text-editor\" data-id=\"f135bd4\" data-element_type=\"widget\" data-e-type=\"widget\" data-widget_type=\"text-editor.default\">\n\t\t\t\t<div class=\"elementor-widget-container\">\n\t\t\t\t\t\t\t\t\t<p>re.venture GmbH<br \/>Arndtstr. 23<br \/>12489 Berlin<br \/>+49 (0)30 22379391<br \/>info(at)reventure.de<\/p><p>Dyrektorzy zarz\u0105dzaj\u0105cy: Jens Kompauer, Ingo Ernst<br \/>Rejestr handlowy: HRB 186202 B<br \/>S\u0105d w\u0142a\u015bciwy: Berlin-Charlottenburg<\/p><p>Realizacja i wdro\u017cenie:\u00a0<a href=\"https:\/\/www.chaerry.com\/\">Agencja tworzenia tre\u015bci chaerry<\/a>\u00a0\u2013\u00a0<a href=\"https:\/\/www.chaerry.com\/\">www.chaerry.com<\/a><\/p><p class=\"p2\">PRAWA AUTORSKIE<br \/>Uk\u0142ad strony internetowej, wykorzystane grafiki i obrazy, a tak\u017ce poszczeg\u00f3lne artyku\u0142y s\u0105 chronione prawem autorskim. Fotomechaniczne powielanie, kopiowanie lub rozpowszechnianie za pomoc\u0105 specjalnych metod \u2013 takich jak przetwarzanie danych, no\u015bniki danych lub sieci danych \u2013 nawet w cz\u0119\u015bci, jest dozwolone wy\u0142\u0105cznie za wyra\u017an\u0105 zgod\u0105 re.venture GmbH.<\/p><p class=\"p2\">ODPOWIEDZIALNO\u015a\u0106 ZA TRE\u015aCI<br \/>re.venture GmbH nie ma wp\u0142ywu na wygl\u0105d ani tre\u015b\u0107 zewn\u0119trznych stron internetowych. Dlatego firma wyra\u017anie dystansuje si\u0119 od wszystkich tre\u015bci zewn\u0119trznych, nawet je\u015bli na stronach re.venture GmbH znajduj\u0105 si\u0119 odno\u015bniki do tych stron. Niniejsze o\u015bwiadczenie dotyczy wszystkich link\u00f3w umieszczonych na naszej stronie oraz wszystkich tre\u015bci stron, do kt\u00f3rych prowadz\u0105 bannery i odno\u015bniki zarejestrowane u nas.<\/p><p class=\"p2\">INFORMACJA PRAWNA<br \/>Na naszej stronie internetowej znajduj\u0105 si\u0119 linki do innych ofert online, kt\u00f3rych tre\u015b\u0107 i aktualizacja nie le\u017c\u0105 w zakresie odpowiedzialno\u015bci re.venture GmbH.<\/p>\t\t\t\t\t\t\t\t<\/div>\n\t\t\t\t<\/div>\n\t\t\t\t\t<\/div>\n\t\t<\/div>\n\t\t\t\t\t<\/div>\n\t\t<\/section>\n\t\t\t\t<\/div>","protected":false},"excerpt":{"rendered":"<p>re.venture GmbHArndtstr. 2312489 Berlin+49 (0)30 22379391info(at)reventure.de Gesch\u00e4ftsf\u00fchrer: \u00a0Jens Kompauer, Ingo ErnstHandelsregister: HRB 186202 BAmtsgericht Berlin-Charlottenburg Umsetzung und Realisierung durch\u00a0Content Creation Agentur chaerry\u00a0\u2013\u00a0www.chaerry.com URHEBERRECHTDas Layout der Webseite, die verwendeten Grafiken und Bilder sowie die einzelnen Beitr\u00e4ge unterliegen dem Urheberrecht. Eine fotomechanische Vervielf\u00e4ltigung, Duplikation oder Verbreitung mittels besonderer Verfahren \u2013 etwa durch Datenverarbeitung, Datentr\u00e4ger oder Datennetze \u2013 [&hellip;]<\/p>\n","protected":false},"author":1,"featured_media":0,"parent":0,"menu_order":0,"comment_status":"closed","ping_status":"closed","template":"page-full-width.php","meta":{"footnotes":""},"class_list":["post-6099","page","type-page","status-publish","hentry"],"yoast_head":"<!-- This site is optimized with the Yoast SEO plugin v27.3 - https:\/\/yoast.com\/product\/yoast-seo-wordpress\/ -->\n<title>Impressum - Reventure<\/title>\n<meta name=\"robots\" content=\"index, follow, max-snippet:-1, max-image-preview:large, max-video-preview:-1\" \/>\n<link rel=\"canonical\" href=\"https:\/\/reventure.de\/pl\/impressum\/\" \/>\n<meta property=\"og:locale\" content=\"pl_PL\" \/>\n<meta property=\"og:type\" content=\"article\" \/>\n<meta property=\"og:title\" content=\"Impressum - Reventure\" \/>\n<meta property=\"og:description\" content=\"re.venture GmbHArndtstr. 2312489 Berlin+49 (0)30 22379391info(at)reventure.de Gesch\u00e4ftsf\u00fchrer: \u00a0Jens Kompauer, Ingo ErnstHandelsregister: HRB 186202 BAmtsgericht Berlin-Charlottenburg Umsetzung und Realisierung durch\u00a0Content Creation Agentur chaerry\u00a0\u2013\u00a0www.chaerry.com URHEBERRECHTDas Layout der Webseite, die verwendeten Grafiken und Bilder sowie die einzelnen Beitr\u00e4ge unterliegen dem Urheberrecht. Eine fotomechanische Vervielf\u00e4ltigung, Duplikation oder Verbreitung mittels besonderer Verfahren \u2013 etwa durch Datenverarbeitung, Datentr\u00e4ger oder Datennetze \u2013 [&hellip;]\" \/>\n<meta property=\"og:url\" content=\"https:\/\/reventure.de\/pl\/impressum\/\" \/>\n<meta property=\"og:site_name\" content=\"Reventure\" \/>\n<meta property=\"article:modified_time\" content=\"2025-11-25T14:17:53+00:00\" \/>\n<meta name=\"twitter:card\" content=\"summary_large_image\" \/>\n<meta name=\"twitter:label1\" content=\"Szacowany czas czytania\" \/>\n\t<meta name=\"twitter:data1\" content=\"1 minuta\" \/>\n<script type=\"application\/ld+json\" class=\"yoast-schema-graph\">{\"@context\":\"https:\\\/\\\/schema.org\",\"@graph\":[{\"@type\":\"WebPage\",\"@id\":\"https:\\\/\\\/reventure.de\\\/impressum\\\/\",\"url\":\"https:\\\/\\\/reventure.de\\\/impressum\\\/\",\"name\":\"Impressum - Reventure\",\"isPartOf\":{\"@id\":\"https:\\\/\\\/reventure.de\\\/#website\"},\"datePublished\":\"2022-02-23T16:11:03+00:00\",\"dateModified\":\"2025-11-25T14:17:53+00:00\",\"breadcrumb\":{\"@id\":\"https:\\\/\\\/reventure.de\\\/impressum\\\/#breadcrumb\"},\"inLanguage\":\"pl-PL\",\"potentialAction\":[{\"@type\":\"ReadAction\",\"target\":[\"https:\\\/\\\/reventure.de\\\/impressum\\\/\"]}]},{\"@type\":\"BreadcrumbList\",\"@id\":\"https:\\\/\\\/reventure.de\\\/impressum\\\/#breadcrumb\",\"itemListElement\":[{\"@type\":\"ListItem\",\"position\":1,\"name\":\"Startseite\",\"item\":\"https:\\\/\\\/reventure.de\\\/\"},{\"@type\":\"ListItem\",\"position\":2,\"name\":\"Impressum\"}]},{\"@type\":\"WebSite\",\"@id\":\"https:\\\/\\\/reventure.de\\\/#website\",\"url\":\"https:\\\/\\\/reventure.de\\\/\",\"name\":\"Reventure\",\"description\":\"Energieprojekte der n\u00e4chsten Generation\",\"publisher\":{\"@id\":\"https:\\\/\\\/reventure.de\\\/#organization\"},\"potentialAction\":[{\"@type\":\"SearchAction\",\"target\":{\"@type\":\"EntryPoint\",\"urlTemplate\":\"https:\\\/\\\/reventure.de\\\/?s={search_term_string}\"},\"query-input\":{\"@type\":\"PropertyValueSpecification\",\"valueRequired\":true,\"valueName\":\"search_term_string\"}}],\"inLanguage\":\"pl-PL\"},{\"@type\":\"Organization\",\"@id\":\"https:\\\/\\\/reventure.de\\\/#organization\",\"name\":\"re.venture GmbH\",\"url\":\"https:\\\/\\\/reventure.de\\\/\",\"logo\":{\"@type\":\"ImageObject\",\"inLanguage\":\"pl-PL\",\"@id\":\"https:\\\/\\\/reventure.de\\\/#\\\/schema\\\/logo\\\/image\\\/\",\"url\":\"https:\\\/\\\/reventure.de\\\/wp-content\\\/uploads\\\/2022\\\/03\\\/reventure-logo.png\",\"contentUrl\":\"https:\\\/\\\/reventure.de\\\/wp-content\\\/uploads\\\/2022\\\/03\\\/reventure-logo.png\",\"width\":4066,\"height\":1000,\"caption\":\"re.venture GmbH\"},\"image\":{\"@id\":\"https:\\\/\\\/reventure.de\\\/#\\\/schema\\\/logo\\\/image\\\/\"},\"sameAs\":[\"https:\\\/\\\/www.linkedin.com\\\/company\\\/re.venture-gmbh\"]}]}<\/script>\n<!-- \/ Yoast SEO plugin. -->","yoast_head_json":{"title":"Impressum - Reventure","robots":{"index":"index","follow":"follow","max-snippet":"max-snippet:-1","max-image-preview":"max-image-preview:large","max-video-preview":"max-video-preview:-1"},"canonical":"https:\/\/reventure.de\/pl\/impressum\/","og_locale":"pl_PL","og_type":"article","og_title":"Impressum - Reventure","og_description":"re.venture GmbHArndtstr. 2312489 Berlin+49 (0)30 22379391info(at)reventure.de Gesch\u00e4ftsf\u00fchrer: \u00a0Jens Kompauer, Ingo ErnstHandelsregister: HRB 186202 BAmtsgericht Berlin-Charlottenburg Umsetzung und Realisierung durch\u00a0Content Creation Agentur chaerry\u00a0\u2013\u00a0www.chaerry.com URHEBERRECHTDas Layout der Webseite, die verwendeten Grafiken und Bilder sowie die einzelnen Beitr\u00e4ge unterliegen dem Urheberrecht. Eine fotomechanische Vervielf\u00e4ltigung, Duplikation oder Verbreitung mittels besonderer Verfahren \u2013 etwa durch Datenverarbeitung, Datentr\u00e4ger oder Datennetze \u2013 [&hellip;]","og_url":"https:\/\/reventure.de\/pl\/impressum\/","og_site_name":"Reventure","article_modified_time":"2025-11-25T14:17:53+00:00","twitter_card":"summary_large_image","twitter_misc":{"Szacowany czas czytania":"1 minuta"},"schema":{"@context":"https:\/\/schema.org","@graph":[{"@type":"WebPage","@id":"https:\/\/reventure.de\/impressum\/","url":"https:\/\/reventure.de\/impressum\/","name":"Impressum - Reventure","isPartOf":{"@id":"https:\/\/reventure.de\/#website"},"datePublished":"2022-02-23T16:11:03+00:00","dateModified":"2025-11-25T14:17:53+00:00","breadcrumb":{"@id":"https:\/\/reventure.de\/impressum\/#breadcrumb"},"inLanguage":"pl-PL","potentialAction":[{"@type":"ReadAction","target":["https:\/\/reventure.de\/impressum\/"]}]},{"@type":"BreadcrumbList","@id":"https:\/\/reventure.de\/impressum\/#breadcrumb","itemListElement":[{"@type":"ListItem","position":1,"name":"Startseite","item":"https:\/\/reventure.de\/"},{"@type":"ListItem","position":2,"name":"Impressum"}]},{"@type":"WebSite","@id":"https:\/\/reventure.de\/#website","url":"https:\/\/reventure.de\/","name":"Reventure","description":"Projekty energetyczne nowej generacji","publisher":{"@id":"https:\/\/reventure.de\/#organization"},"potentialAction":[{"@type":"SearchAction","target":{"@type":"EntryPoint","urlTemplate":"https:\/\/reventure.de\/?s={search_term_string}"},"query-input":{"@type":"PropertyValueSpecification","valueRequired":true,"valueName":"search_term_string"}}],"inLanguage":"pl-PL"},{"@type":"Organization","@id":"https:\/\/reventure.de\/#organization","name":"re.venture GmbH","url":"https:\/\/reventure.de\/","logo":{"@type":"ImageObject","inLanguage":"pl-PL","@id":"https:\/\/reventure.de\/#\/schema\/logo\/image\/","url":"https:\/\/reventure.de\/wp-content\/uploads\/2022\/03\/reventure-logo.png","contentUrl":"https:\/\/reventure.de\/wp-content\/uploads\/2022\/03\/reventure-logo.png","width":4066,"height":1000,"caption":"re.venture GmbH"},"image":{"@id":"https:\/\/reventure.de\/#\/schema\/logo\/image\/"},"sameAs":["https:\/\/www.linkedin.com\/company\/re.venture-gmbh"]}]}},"_links":{"self":[{"href":"https:\/\/reventure.de\/pl\/wp-json\/wp\/v2\/pages\/6099","targetHints":{"allow":["GET"]}}],"collection":[{"href":"https:\/\/reventure.de\/pl\/wp-json\/wp\/v2\/pages"}],"about":[{"href":"https:\/\/reventure.de\/pl\/wp-json\/wp\/v2\/types\/page"}],"author":[{"embeddable":true,"href":"https:\/\/reventure.de\/pl\/wp-json\/wp\/v2\/users\/1"}],"replies":[{"embeddable":true,"href":"https:\/\/reventure.de\/pl\/wp-json\/wp\/v2\/comments?post=6099"}],"version-history":[{"count":34,"href":"https:\/\/reventure.de\/pl\/wp-json\/wp\/v2\/pages\/6099\/revisions"}],"predecessor-version":[{"id":12316,"href":"https:\/\/reventure.de\/pl\/wp-json\/wp\/v2\/pages\/6099\/revisions\/12316"}],"wp:attachment":[{"href":"https:\/\/reventure.de\/pl\/wp-json\/wp\/v2\/media?parent=6099"}],"curies":[{"name":"wp","href":"https:\/\/api.w.org\/{rel}","templated":true}]}}