{"id":8050,"date":"2022-04-02T16:11:15","date_gmt":"2022-04-02T14:11:15","guid":{"rendered":"https:\/\/reventure.de\/?page_id=8050"},"modified":"2022-05-03T23:48:11","modified_gmt":"2022-05-03T21:48:11","slug":"combined-generation","status":"publish","type":"page","link":"https:\/\/reventure.de\/es\/technologien\/combined-generation\/","title":{"rendered":"Combined Generation"},"content":{"rendered":"<div data-elementor-type=\"wp-page\" data-elementor-id=\"8050\" class=\"elementor elementor-8050\" data-elementor-post-type=\"page\">\n\t\t\t\t\t\t<section class=\"elementor-section elementor-top-section elementor-element elementor-element-36e3305 qodef-elementor-content-grid section-custom-padding elementor-section-boxed elementor-section-height-default elementor-section-height-default\" data-id=\"36e3305\" data-element_type=\"section\" data-e-type=\"section\" data-settings=\"{&quot;background_background&quot;:&quot;classic&quot;}\">\n\t\t\t\t\t\t<div class=\"elementor-container elementor-column-gap-default\">\n\t\t\t\t\t<div class=\"elementor-column elementor-col-50 elementor-top-column elementor-element elementor-element-0cc4a51\" data-id=\"0cc4a51\" data-element_type=\"column\" data-e-type=\"column\">\n\t\t\t<div class=\"elementor-widget-wrap elementor-element-populated\">\n\t\t\t\t\t\t<div class=\"elementor-element elementor-element-d3684dd elementor-widget elementor-widget-heading\" data-id=\"d3684dd\" data-element_type=\"widget\" data-e-type=\"widget\" data-widget_type=\"heading.default\">\n\t\t\t\t<div class=\"elementor-widget-container\">\n\t\t\t\t\t<h2 class=\"elementor-heading-title elementor-size-default\">Combinado. Integrado.<\/h2>\t\t\t\t<\/div>\n\t\t\t\t<\/div>\n\t\t\t\t<div class=\"elementor-element elementor-element-b4cfc0d elementor-widget elementor-widget-text-editor\" data-id=\"b4cfc0d\" data-element_type=\"widget\" data-e-type=\"widget\" data-widget_type=\"text-editor.default\">\n\t\t\t\t<div class=\"elementor-widget-container\">\n\t\t\t\t\t\t\t\t\t<p>Del pico de producci\u00f3n a la carga base ecol\u00f3gica - los nuevos proyectos de energ\u00eda cada vez se vuelven m\u00e1s complejos y nos abren posibilidades y perspectivas del suministro energ\u00e9tico.<\/p><p>Nuestro equipo de ingenier\u00eda ya est\u00e1 analizando la correlaci\u00f3n entre generaci\u00f3n e\u00f3lica y solar y estamos desarrollando conceptos para reservas de energ\u00eda para futuros proyectos de \u201ecombined generation\u201c.<\/p><p>Nosotros combinamos diferentes tecnolog\u00edas de generaci\u00f3n y de reserva y asimismo creamos una posibilidad sostenible y fiable de generar electricidad, de la energ\u00eda e\u00f3lica vol\u00e1til y solar a los perfiles de carga base verde.<\/p>\t\t\t\t\t\t\t\t<\/div>\n\t\t\t\t<\/div>\n\t\t\t\t\t<\/div>\n\t\t<\/div>\n\t\t\t\t<div class=\"elementor-column elementor-col-50 elementor-top-column elementor-element elementor-element-7eb47a3 elementor-hidden-tablet elementor-hidden-mobile\" data-id=\"7eb47a3\" data-element_type=\"column\" data-e-type=\"column\">\n\t\t\t<div class=\"elementor-widget-wrap elementor-element-populated\">\n\t\t\t\t\t\t<div class=\"elementor-element elementor-element-05d99e0 elementor-widget elementor-widget-image\" data-id=\"05d99e0\" data-element_type=\"widget\" data-e-type=\"widget\" data-widget_type=\"image.default\">\n\t\t\t\t<div class=\"elementor-widget-container\">\n\t\t\t\t\t\t\t\t\t\t\t\t\t\t\t<img fetchpriority=\"high\" decoding=\"async\" width=\"1024\" height=\"683\" src=\"https:\/\/reventure.de\/wp-content\/uploads\/2022\/04\/Sektorkopplung-reventure-1024x683.jpg\" class=\"attachment-large size-large wp-image-8771\" alt=\"\" srcset=\"https:\/\/reventure.de\/wp-content\/uploads\/2022\/04\/Sektorkopplung-reventure-1024x683.jpg 1024w, https:\/\/reventure.de\/wp-content\/uploads\/2022\/04\/Sektorkopplung-reventure-300x200.jpg 300w, https:\/\/reventure.de\/wp-content\/uploads\/2022\/04\/Sektorkopplung-reventure-768x512.jpg 768w, https:\/\/reventure.de\/wp-content\/uploads\/2022\/04\/Sektorkopplung-reventure-1536x1024.jpg 1536w, https:\/\/reventure.de\/wp-content\/uploads\/2022\/04\/Sektorkopplung-reventure-2048x1365.jpg 2048w\" sizes=\"(max-width: 1024px) 100vw, 1024px\" \/>\t\t\t\t\t\t\t\t\t\t\t\t\t\t\t<\/div>\n\t\t\t\t<\/div>\n\t\t\t\t<div class=\"elementor-element elementor-element-dfaa7a1 elementor-hidden-desktop elementor-hidden-tablet elementor-hidden-mobile elementor-widget elementor-widget-stal_core_cards_gallery\" data-id=\"dfaa7a1\" data-element_type=\"widget\" data-e-type=\"widget\" data-widget_type=\"stal_core_cards_gallery.default\">\n\t\t\t\t<div class=\"elementor-widget-container\">\n\t\t\t\t\t<div class=\"qodef-shortcode qodef-m  qodef-cards-gallery qodef-orientation--right qodef-gallery--disabled qodef-animation--bundle\">\n\t<div class=\"qodef-e-inner\">\n\t\t\t\t\t<div class=\"qodef-m-card\">\n\t\t\t\t<div class=\"qodef-m-bundle-item\" data-bundle-move-top=\"300\">\n\t\t\t\t\t\t\t\t\t\t\t<img decoding=\"async\" src=\"https:\/\/reventure.de\/wp-content\/uploads\/2022\/02\/22-IMG_2744-scaled.jpg\" alt=\"\" \/>\n\t\t\t\t\t\t\t\t\t<\/div>\n\t\t\t<\/div>\n\t\t\t<\/div>\n\t<div class=\"qodef-m-fake-card\">\n\t\t\t\t<img decoding=\"async\" src=\"https:\/\/reventure.de\/wp-content\/uploads\/2022\/02\/22-IMG_2744-scaled.jpg\" alt=\"\" \/>\n\t<\/div>\n<\/div>\t\t\t\t<\/div>\n\t\t\t\t<\/div>\n\t\t\t\t\t<\/div>\n\t\t<\/div>\n\t\t\t\t\t<\/div>\n\t\t<\/section>\n\t\t\t\t<section class=\"elementor-section elementor-top-section elementor-element elementor-element-f437199 elementor-section-content-middle section-custom-padding elementor-section-boxed elementor-section-height-default elementor-section-height-default qodef-elementor-content-no\" data-id=\"f437199\" data-element_type=\"section\" data-e-type=\"section\" data-settings=\"{&quot;background_background&quot;:&quot;classic&quot;}\">\n\t\t\t\t\t\t<div class=\"elementor-container elementor-column-gap-default\">\n\t\t\t\t\t<div class=\"elementor-column elementor-col-100 elementor-top-column elementor-element elementor-element-2f1d938\" data-id=\"2f1d938\" data-element_type=\"column\" data-e-type=\"column\">\n\t\t\t<div class=\"elementor-widget-wrap elementor-element-populated\">\n\t\t\t\t\t\t<div class=\"elementor-element elementor-element-b25cd86 elementor-widget__width-initial elementor-widget-mobile__width-inherit elementor-widget elementor-widget-heading\" data-id=\"b25cd86\" data-element_type=\"widget\" data-e-type=\"widget\" data-widget_type=\"heading.default\">\n\t\t\t\t<div class=\"elementor-widget-container\">\n\t\t\t\t\t<h2 class=\"elementor-heading-title elementor-size-default\">Ventajas Combined Generation<\/h2>\t\t\t\t<\/div>\n\t\t\t\t<\/div>\n\t\t\t\t<div class=\"elementor-element elementor-element-8543307 elementor-widget__width-initial elementor-widget-mobile__width-inherit elementor-icon-list--layout-traditional elementor-list-item-link-full_width elementor-widget elementor-widget-icon-list\" data-id=\"8543307\" data-element_type=\"widget\" data-e-type=\"widget\" data-widget_type=\"icon-list.default\">\n\t\t\t\t<div class=\"elementor-widget-container\">\n\t\t\t\t\t\t\t<ul class=\"elementor-icon-list-items\">\n\t\t\t\t\t\t\t<li class=\"elementor-icon-list-item\">\n\t\t\t\t\t\t\t\t\t\t\t<span class=\"elementor-icon-list-icon\">\n\t\t\t\t\t\t\t<i aria-hidden=\"true\" class=\"fas fa-check\"><\/i>\t\t\t\t\t\t<\/span>\n\t\t\t\t\t\t\t\t\t\t<span class=\"elementor-icon-list-text\">Generaci\u00f3n de electricidad constante y orientada a las necesidades <\/span>\n\t\t\t\t\t\t\t\t\t<\/li>\n\t\t\t\t\t\t\t\t<li class=\"elementor-icon-list-item\">\n\t\t\t\t\t\t\t\t\t\t\t<span class=\"elementor-icon-list-icon\">\n\t\t\t\t\t\t\t<i aria-hidden=\"true\" class=\"fas fa-check\"><\/i>\t\t\t\t\t\t<\/span>\n\t\t\t\t\t\t\t\t\t\t<span class=\"elementor-icon-list-text\">Uso eficiente de las capacidades de la red <\/span>\n\t\t\t\t\t\t\t\t\t<\/li>\n\t\t\t\t\t\t\t\t<li class=\"elementor-icon-list-item\">\n\t\t\t\t\t\t\t\t\t\t\t<span class=\"elementor-icon-list-icon\">\n\t\t\t\t\t\t\t<i aria-hidden=\"true\" class=\"fas fa-check\"><\/i>\t\t\t\t\t\t<\/span>\n\t\t\t\t\t\t\t\t\t\t<span class=\"elementor-icon-list-text\">Producto de energ\u00eda de alta calidad con alta demanda y bajo contenido de co2 <\/span>\n\t\t\t\t\t\t\t\t\t<\/li>\n\t\t\t\t\t\t\t\t<li class=\"elementor-icon-list-item\">\n\t\t\t\t\t\t\t\t\t\t\t<span class=\"elementor-icon-list-icon\">\n\t\t\t\t\t\t\t<i aria-hidden=\"true\" class=\"fas fa-check\"><\/i>\t\t\t\t\t\t<\/span>\n\t\t\t\t\t\t\t\t\t\t<span class=\"elementor-icon-list-text\">Almacenamiento de la energ\u00eda renovable de forma \u00f3ptima<\/span>\n\t\t\t\t\t\t\t\t\t<\/li>\n\t\t\t\t\t\t\t\t<li class=\"elementor-icon-list-item\">\n\t\t\t\t\t\t\t\t\t\t\t<span class=\"elementor-icon-list-icon\">\n\t\t\t\t\t\t\t<i aria-hidden=\"true\" class=\"fas fa-check\"><\/i>\t\t\t\t\t\t<\/span>\n\t\t\t\t\t\t\t\t\t\t<span class=\"elementor-icon-list-text\">Alivio de la red mediante el control de productores y consumidores<\/span>\n\t\t\t\t\t\t\t\t\t<\/li>\n\t\t\t\t\t\t<\/ul>\n\t\t\t\t\t\t<\/div>\n\t\t\t\t<\/div>\n\t\t\t\t\t<\/div>\n\t\t<\/div>\n\t\t\t\t\t<\/div>\n\t\t<\/section>\n\t\t\t\t<\/div>","protected":false},"excerpt":{"rendered":"<p>Kombiniert. Integriert. Von der Peak-Produktion zur gr\u00fcnen Grundlast &#8211; die neue Generation der Energieprojekte wird komplexer und er\u00f6ffnet neue M\u00f6glichkeiten und Perspektiven der nachhaltigen Energieversorgung. Unser Engineering Team analysiert heute bereits Korrelationen von Wind-und Solarproduktion und entwickelt Energiespeicherkonzepte f\u00fcr k\u00fcnftige \u201eCombined Generation\u201c Projekte. Durch die Verbindung verschiedener Erzeugungs- und Speichertechnologien, schaffen wir eine nachhaltige und [&hellip;]<\/p>\n","protected":false},"author":1,"featured_media":0,"parent":5505,"menu_order":0,"comment_status":"closed","ping_status":"closed","template":"page-full-width.php","meta":{"footnotes":""},"class_list":["post-8050","page","type-page","status-publish","hentry"],"yoast_head":"<!-- This site is optimized with the Yoast SEO plugin v27.3 - https:\/\/yoast.com\/product\/yoast-seo-wordpress\/ -->\n<title>Combined Generation - Reventure<\/title>\n<meta name=\"robots\" content=\"index, follow, max-snippet:-1, max-image-preview:large, max-video-preview:-1\" \/>\n<link rel=\"canonical\" href=\"https:\/\/reventure.de\/es\/technologien\/combined-generation\/\" \/>\n<meta property=\"og:locale\" content=\"es_ES\" \/>\n<meta property=\"og:type\" content=\"article\" \/>\n<meta property=\"og:title\" content=\"Combined Generation - Reventure\" \/>\n<meta property=\"og:description\" content=\"Kombiniert. Integriert. Von der Peak-Produktion zur gr\u00fcnen Grundlast &#8211; die neue Generation der Energieprojekte wird komplexer und er\u00f6ffnet neue M\u00f6glichkeiten und Perspektiven der nachhaltigen Energieversorgung. Unser Engineering Team analysiert heute bereits Korrelationen von Wind-und Solarproduktion und entwickelt Energiespeicherkonzepte f\u00fcr k\u00fcnftige \u201eCombined Generation\u201c Projekte. Durch die Verbindung verschiedener Erzeugungs- und Speichertechnologien, schaffen wir eine nachhaltige und [&hellip;]\" \/>\n<meta property=\"og:url\" content=\"https:\/\/reventure.de\/es\/technologien\/combined-generation\/\" \/>\n<meta property=\"og:site_name\" content=\"Reventure\" \/>\n<meta property=\"article:modified_time\" content=\"2022-05-03T21:48:11+00:00\" \/>\n<meta property=\"og:image\" content=\"https:\/\/reventure.de\/wp-content\/uploads\/2022\/04\/Sektorkopplung-reventure-1024x683.jpg\" \/>\n<meta name=\"twitter:card\" content=\"summary_large_image\" \/>\n<meta name=\"twitter:label1\" content=\"Tiempo de lectura\" \/>\n\t<meta name=\"twitter:data1\" content=\"2 minutos\" \/>\n<script type=\"application\/ld+json\" class=\"yoast-schema-graph\">{\"@context\":\"https:\\\/\\\/schema.org\",\"@graph\":[{\"@type\":\"WebPage\",\"@id\":\"https:\\\/\\\/reventure.de\\\/technologien\\\/combined-generation\\\/\",\"url\":\"https:\\\/\\\/reventure.de\\\/technologien\\\/combined-generation\\\/\",\"name\":\"Combined Generation - Reventure\",\"isPartOf\":{\"@id\":\"https:\\\/\\\/reventure.de\\\/#website\"},\"primaryImageOfPage\":{\"@id\":\"https:\\\/\\\/reventure.de\\\/technologien\\\/combined-generation\\\/#primaryimage\"},\"image\":{\"@id\":\"https:\\\/\\\/reventure.de\\\/technologien\\\/combined-generation\\\/#primaryimage\"},\"thumbnailUrl\":\"https:\\\/\\\/reventure.de\\\/wp-content\\\/uploads\\\/2022\\\/04\\\/Sektorkopplung-reventure-1024x683.jpg\",\"datePublished\":\"2022-04-02T14:11:15+00:00\",\"dateModified\":\"2022-05-03T21:48:11+00:00\",\"breadcrumb\":{\"@id\":\"https:\\\/\\\/reventure.de\\\/technologien\\\/combined-generation\\\/#breadcrumb\"},\"inLanguage\":\"es\",\"potentialAction\":[{\"@type\":\"ReadAction\",\"target\":[\"https:\\\/\\\/reventure.de\\\/technologien\\\/combined-generation\\\/\"]}]},{\"@type\":\"ImageObject\",\"inLanguage\":\"es\",\"@id\":\"https:\\\/\\\/reventure.de\\\/technologien\\\/combined-generation\\\/#primaryimage\",\"url\":\"https:\\\/\\\/reventure.de\\\/wp-content\\\/uploads\\\/2022\\\/04\\\/Sektorkopplung-reventure-1024x683.jpg\",\"contentUrl\":\"https:\\\/\\\/reventure.de\\\/wp-content\\\/uploads\\\/2022\\\/04\\\/Sektorkopplung-reventure-1024x683.jpg\"},{\"@type\":\"BreadcrumbList\",\"@id\":\"https:\\\/\\\/reventure.de\\\/technologien\\\/combined-generation\\\/#breadcrumb\",\"itemListElement\":[{\"@type\":\"ListItem\",\"position\":1,\"name\":\"Startseite\",\"item\":\"https:\\\/\\\/reventure.de\\\/\"},{\"@type\":\"ListItem\",\"position\":2,\"name\":\"Technologien\",\"item\":\"https:\\\/\\\/reventure.de\\\/technologien\\\/\"},{\"@type\":\"ListItem\",\"position\":3,\"name\":\"Combined Generation\"}]},{\"@type\":\"WebSite\",\"@id\":\"https:\\\/\\\/reventure.de\\\/#website\",\"url\":\"https:\\\/\\\/reventure.de\\\/\",\"name\":\"Reventure\",\"description\":\"Energieprojekte der n\u00e4chsten Generation\",\"publisher\":{\"@id\":\"https:\\\/\\\/reventure.de\\\/#organization\"},\"potentialAction\":[{\"@type\":\"SearchAction\",\"target\":{\"@type\":\"EntryPoint\",\"urlTemplate\":\"https:\\\/\\\/reventure.de\\\/?s={search_term_string}\"},\"query-input\":{\"@type\":\"PropertyValueSpecification\",\"valueRequired\":true,\"valueName\":\"search_term_string\"}}],\"inLanguage\":\"es\"},{\"@type\":\"Organization\",\"@id\":\"https:\\\/\\\/reventure.de\\\/#organization\",\"name\":\"re.venture GmbH\",\"url\":\"https:\\\/\\\/reventure.de\\\/\",\"logo\":{\"@type\":\"ImageObject\",\"inLanguage\":\"es\",\"@id\":\"https:\\\/\\\/reventure.de\\\/#\\\/schema\\\/logo\\\/image\\\/\",\"url\":\"https:\\\/\\\/reventure.de\\\/wp-content\\\/uploads\\\/2022\\\/03\\\/reventure-logo.png\",\"contentUrl\":\"https:\\\/\\\/reventure.de\\\/wp-content\\\/uploads\\\/2022\\\/03\\\/reventure-logo.png\",\"width\":4066,\"height\":1000,\"caption\":\"re.venture GmbH\"},\"image\":{\"@id\":\"https:\\\/\\\/reventure.de\\\/#\\\/schema\\\/logo\\\/image\\\/\"},\"sameAs\":[\"https:\\\/\\\/www.linkedin.com\\\/company\\\/re.venture-gmbh\"]}]}<\/script>\n<!-- \/ Yoast SEO plugin. -->","yoast_head_json":{"title":"Combined Generation - Reventure","robots":{"index":"index","follow":"follow","max-snippet":"max-snippet:-1","max-image-preview":"max-image-preview:large","max-video-preview":"max-video-preview:-1"},"canonical":"https:\/\/reventure.de\/es\/technologien\/combined-generation\/","og_locale":"es_ES","og_type":"article","og_title":"Combined Generation - Reventure","og_description":"Kombiniert. Integriert. Von der Peak-Produktion zur gr\u00fcnen Grundlast &#8211; die neue Generation der Energieprojekte wird komplexer und er\u00f6ffnet neue M\u00f6glichkeiten und Perspektiven der nachhaltigen Energieversorgung. Unser Engineering Team analysiert heute bereits Korrelationen von Wind-und Solarproduktion und entwickelt Energiespeicherkonzepte f\u00fcr k\u00fcnftige \u201eCombined Generation\u201c Projekte. Durch die Verbindung verschiedener Erzeugungs- und Speichertechnologien, schaffen wir eine nachhaltige und [&hellip;]","og_url":"https:\/\/reventure.de\/es\/technologien\/combined-generation\/","og_site_name":"Reventure","article_modified_time":"2022-05-03T21:48:11+00:00","og_image":[{"url":"https:\/\/reventure.de\/wp-content\/uploads\/2022\/04\/Sektorkopplung-reventure-1024x683.jpg","type":"","width":"","height":""}],"twitter_card":"summary_large_image","twitter_misc":{"Tiempo de lectura":"2 minutos"},"schema":{"@context":"https:\/\/schema.org","@graph":[{"@type":"WebPage","@id":"https:\/\/reventure.de\/technologien\/combined-generation\/","url":"https:\/\/reventure.de\/technologien\/combined-generation\/","name":"Combined Generation - Reventure","isPartOf":{"@id":"https:\/\/reventure.de\/#website"},"primaryImageOfPage":{"@id":"https:\/\/reventure.de\/technologien\/combined-generation\/#primaryimage"},"image":{"@id":"https:\/\/reventure.de\/technologien\/combined-generation\/#primaryimage"},"thumbnailUrl":"https:\/\/reventure.de\/wp-content\/uploads\/2022\/04\/Sektorkopplung-reventure-1024x683.jpg","datePublished":"2022-04-02T14:11:15+00:00","dateModified":"2022-05-03T21:48:11+00:00","breadcrumb":{"@id":"https:\/\/reventure.de\/technologien\/combined-generation\/#breadcrumb"},"inLanguage":"es","potentialAction":[{"@type":"ReadAction","target":["https:\/\/reventure.de\/technologien\/combined-generation\/"]}]},{"@type":"ImageObject","inLanguage":"es","@id":"https:\/\/reventure.de\/technologien\/combined-generation\/#primaryimage","url":"https:\/\/reventure.de\/wp-content\/uploads\/2022\/04\/Sektorkopplung-reventure-1024x683.jpg","contentUrl":"https:\/\/reventure.de\/wp-content\/uploads\/2022\/04\/Sektorkopplung-reventure-1024x683.jpg"},{"@type":"BreadcrumbList","@id":"https:\/\/reventure.de\/technologien\/combined-generation\/#breadcrumb","itemListElement":[{"@type":"ListItem","position":1,"name":"Startseite","item":"https:\/\/reventure.de\/"},{"@type":"ListItem","position":2,"name":"Technologien","item":"https:\/\/reventure.de\/technologien\/"},{"@type":"ListItem","position":3,"name":"Combined Generation"}]},{"@type":"WebSite","@id":"https:\/\/reventure.de\/#website","url":"https:\/\/reventure.de\/","name":"Reventure","description":"Desarrollamos soluciones para una futura transici\u00f3n energ\u00e9tica  \u2013","publisher":{"@id":"https:\/\/reventure.de\/#organization"},"potentialAction":[{"@type":"SearchAction","target":{"@type":"EntryPoint","urlTemplate":"https:\/\/reventure.de\/?s={search_term_string}"},"query-input":{"@type":"PropertyValueSpecification","valueRequired":true,"valueName":"search_term_string"}}],"inLanguage":"es"},{"@type":"Organization","@id":"https:\/\/reventure.de\/#organization","name":"re.venture GmbH","url":"https:\/\/reventure.de\/","logo":{"@type":"ImageObject","inLanguage":"es","@id":"https:\/\/reventure.de\/#\/schema\/logo\/image\/","url":"https:\/\/reventure.de\/wp-content\/uploads\/2022\/03\/reventure-logo.png","contentUrl":"https:\/\/reventure.de\/wp-content\/uploads\/2022\/03\/reventure-logo.png","width":4066,"height":1000,"caption":"re.venture GmbH"},"image":{"@id":"https:\/\/reventure.de\/#\/schema\/logo\/image\/"},"sameAs":["https:\/\/www.linkedin.com\/company\/re.venture-gmbh"]}]}},"_links":{"self":[{"href":"https:\/\/reventure.de\/es\/wp-json\/wp\/v2\/pages\/8050","targetHints":{"allow":["GET"]}}],"collection":[{"href":"https:\/\/reventure.de\/es\/wp-json\/wp\/v2\/pages"}],"about":[{"href":"https:\/\/reventure.de\/es\/wp-json\/wp\/v2\/types\/page"}],"author":[{"embeddable":true,"href":"https:\/\/reventure.de\/es\/wp-json\/wp\/v2\/users\/1"}],"replies":[{"embeddable":true,"href":"https:\/\/reventure.de\/es\/wp-json\/wp\/v2\/comments?post=8050"}],"version-history":[{"count":72,"href":"https:\/\/reventure.de\/es\/wp-json\/wp\/v2\/pages\/8050\/revisions"}],"predecessor-version":[{"id":9548,"href":"https:\/\/reventure.de\/es\/wp-json\/wp\/v2\/pages\/8050\/revisions\/9548"}],"up":[{"embeddable":true,"href":"https:\/\/reventure.de\/es\/wp-json\/wp\/v2\/pages\/5505"}],"wp:attachment":[{"href":"https:\/\/reventure.de\/es\/wp-json\/wp\/v2\/media?parent=8050"}],"curies":[{"name":"wp","href":"https:\/\/api.w.org\/{rel}","templated":true}]}}