{"id":6106,"date":"2022-02-23T17:12:17","date_gmt":"2022-02-23T16:12:17","guid":{"rendered":"https:\/\/reventure.de\/?page_id=6106"},"modified":"2023-05-23T17:57:37","modified_gmt":"2023-05-23T15:57:37","slug":"datenschutz","status":"publish","type":"page","link":"https:\/\/reventure.de\/es\/datenschutz\/","title":{"rendered":"Protecci\u00f3n de Datos"},"content":{"rendered":"<div data-elementor-type=\"wp-page\" data-elementor-id=\"6106\" class=\"elementor elementor-6106\" data-elementor-post-type=\"page\">\n\t\t\t\t\t\t<section class=\"elementor-section elementor-top-section elementor-element elementor-element-7349c4f elementor-section-boxed elementor-section-height-default elementor-section-height-default qodef-elementor-content-no\" data-id=\"7349c4f\" data-element_type=\"section\" data-e-type=\"section\">\n\t\t\t\t\t\t<div class=\"elementor-container elementor-column-gap-default\">\n\t\t\t\t\t<div class=\"elementor-column elementor-col-100 elementor-top-column elementor-element elementor-element-ab40ccd\" data-id=\"ab40ccd\" data-element_type=\"column\" data-e-type=\"column\">\n\t\t\t<div class=\"elementor-widget-wrap elementor-element-populated\">\n\t\t\t\t\t\t<div class=\"elementor-element elementor-element-d9ed96b elementor-widget elementor-widget-text-editor\" data-id=\"d9ed96b\" data-element_type=\"widget\" data-e-type=\"widget\" data-widget_type=\"text-editor.default\">\n\t\t\t\t<div class=\"elementor-widget-container\">\n\t\t\t\t\t\t\t\t\t<p><b>Aviso general e informaciones obligatorias<\/b><\/p>\n<p><b>Autoridad competente<\/b><\/p>\n<p>El responsable del tratamiento de datos de este sitio web es:<\/p>\n<p>re.venture GmbH<br>Jens Kompauer<br>Arndtstr. 23<br>12489 Berlin<\/p>\n<p>El responsable del tratamiento decide por s\u00ed solo o conjuntamente con otros los fines y medios del tratamiento de datos personales (por ejemplo, nombres, datos de contacto o similares).<\/p>\n<p><b>Revocaci\u00f3n de su consentimiento para el tratamiento de datos<br><\/b>Algunas operaciones de tratamiento de datos s\u00f3lo son posibles con su consentimiento expreso. Puede revocar su consentimiento en cualquier momento. Una comunicaci\u00f3n informal por correo electr\u00f3nico es suficiente para la revocaci\u00f3n. La legalidad del tratamiento de datos efectuado hasta la revocaci\u00f3n no se ver\u00e1 afectada por \u00e9sta.<\/p>\n<p><b>Derecho a reclamar ante la autoridad de control competente<br><\/b>Como interesado, tiene derecho a presentar una reclamaci\u00f3n ante la autoridad de control competente en caso de infracci\u00f3n de la legislaci\u00f3n sobre protecci\u00f3n de datos. La autoridad de control competente en materia de protecci\u00f3n de datos es el delegado de protecci\u00f3n de datos del Estado federado en el que nuestra empresa tiene su domicilio social. En el siguiente enlace encontrar\u00e1 una lista de los responsables de la protecci\u00f3n de datos y sus datos de contacto:&nbsp;<a href=\"https:\/\/www.bfdi.bund.de\/DE\/Infothek\/Anschriften_Links\/anschriften_links-node.html\" target=\"_blank\" rel=\"noopener\">https:\/\/www.bfdi.bund.de\/DE\/Infothek\/Anschriften_Links\/anschriften_links-node.html<\/a>.<\/p>\n<p><b>Derecho a la portabilidad de datos<br><\/b>Usted tiene derecho a que los datos que procesamos autom\u00e1ticamente sobre la base de su consentimiento o en cumplimiento de un contrato le sean entregados a usted o a terceros. Los datos se facilitar\u00e1n en un formato legible por m\u00e1quina. Si solicita la transferencia directa de los datos a otro responsable, s\u00f3lo se har\u00e1 en la medida en que sea t\u00e9cnicamente posible.<\/p>\n<p><b>Derecho de informaci\u00f3n, rectificaci\u00f3n, bloqueo y supresi\u00f3n<\/b><br>En el marco de las disposiciones legales aplicables, usted tiene derecho en todo momento a la libre informaci\u00f3n sobre sus datos personales almacenados, el origen de los datos, sus destinatarios y la finalidad del tratamiento de los datos y, en su caso, un derecho de rectificaci\u00f3n, bloqueo o supresi\u00f3n de estos datos. A este respecto y tambi\u00e9n para otras preguntas sobre el tema de los datos personales, puede ponerse en contacto con nosotros en cualquier momento a trav\u00e9s de las opciones de contacto que figuran en el aviso legal.<\/p>\n<p><b>Codificaci\u00f3n SSL o TLS<br><\/b>Codificaci\u00f3n SSL o TLSPor razones de seguridad y para proteger la transmisi\u00f3n de contenidos confidenciales que usted nos env\u00eda como operador del sitio, nuestro sitio web utiliza cifrado SSL o TLS. Esto significa que los datos que usted transmite a trav\u00e9s de este sitio web no pueden ser le\u00eddos por terceros. Puede reconocer una conexi\u00f3n cifrada por la l\u00ednea de direcci\u00f3n \"https:\/\/\" de su navegador y el s\u00edmbolo del candado en la l\u00ednea del navegador.<\/p>\n<p><b>Formulario de Contacto<br><\/b>Los datos transmitidos a trav\u00e9s del formulario de contacto, incluidos sus datos de contacto, se almacenan con el fin de poder procesar su consulta o estar disponible para preguntas de seguimiento. Estos datos no se transmitir\u00e1n sin su consentimiento.<\/p>\n<p>Los datos introducidos en el formulario de contacto se procesan exclusivamente sobre la base de su consentimiento (art. 6, apdo. 1 lit. a DSGVO). Puede revocar su consentimiento en cualquier momento. Una comunicaci\u00f3n informal por correo electr\u00f3nico es suficiente para la revocaci\u00f3n. La legalidad de las operaciones de tratamiento de datos realizadas hasta la revocaci\u00f3n no se ver\u00e1 afectada por \u00e9sta.<\/p>\n<p>Los datos transmitidos a trav\u00e9s del formulario de contacto permanecer\u00e1n con nosotros hasta que nos solicite que los eliminemos, revoque su consentimiento para almacenarlos o ya no haya necesidad de almacenar los datos. Las disposiciones legales obligatorias, en particular los periodos de conservaci\u00f3n, no se ver\u00e1n afectadas.<\/p>\n<p><b>Google Web Fonts<br><\/b>Nuestro sitio web utiliza fuentes web de Google. El proveedor es la Google Inc., 1600 Amphitheatre Parkway, Mountain View, CA 94043, USA.<\/p>\n<p>El uso de estas fuentes web permite ofrecerle la presentaci\u00f3n de nuestro sitio web que deseamos, independientemente de las fuentes que tenga disponibles localmente. Esto se hace mediante la recuperaci\u00f3n de las fuentes web de Google desde un servidor de Google en los EE.UU. y la correspondiente transferencia de sus datos a Google. Se trata de su direcci\u00f3n IP y de las p\u00e1ginas que ha visitado. El uso de Google Web Fonts se basa en el art. 6 p\u00e1rr. 1 lit. f DSGVO. Como operador de este sitio web, tenemos un inter\u00e9s leg\u00edtimo en la presentaci\u00f3n y transmisi\u00f3n \u00f3ptimas de nuestro sitio web.<\/p>\n<p>Das Unternehmen Google ist f\u00fcr das us-europ\u00e4ische Datenschutz\u00fcbereinkommen &#8220;Privacy Shield&#8221; zertifiziert. Dieses Datenschutz\u00fcbereinkommen soll die Einhaltung des in der EU geltenden Datenschutzniveaus gew\u00e4hrleisten.<\/p>\n<p>Detalles de Google Web Fonts:&nbsp;<a href=\"https:\/\/www.google.com\/fonts#AboutPlace:about\" target=\"_blank\" rel=\"noopener\">https:\/\/www.google.com\/fonts#AboutPlace:about<\/a>&nbsp;dem\u00e1s informaciones en la pol\u00edtica de privacidad de Google:&nbsp;<a href=\"https:\/\/policies.google.com\/privacy\/partners?hl=de\" target=\"_blank\" rel=\"noopener\">https:\/\/policies.google.com\/privacy\/partners?hl=de<\/a><\/p>\n<p><b>Matomo Analytics<\/b><\/p>\n<p>Mit Ihrer Einwilligung verwenden wir die Open-Source-Software Matomo zur Analyse und statistischen Auswertung der Nutzung der Website. Hierzu werden Cookies eingesetzt. Die dadurch erhaltenen Informationen \u00fcber die Websitenutzung werden ausschlie\u00dflich an unsere Server \u00fcbertragen und in pseudonymen Nutzungsprofilen zusammengefasst. Die Daten verwenden wir zur Auswertung der Nutzung der Website. Eine Weitergabe der erfassten Daten an Dritte erfolgt nicht.<\/p>\n<p>Die IP-Adressen werden anonymisiert (IPMasking), sodass eine Zuordnung zu einzelnen Nutzern nicht m\u00f6glich ist.<\/p>\n<p>Die Verarbeitung der Daten erfolgt auf Grundlage von Art. 6 Abs. 1 S. 1 lit. a DSGVO. Wir verfolgen damit unser berechtigtes Interesse an der Optimierung unserer Webseite f\u00fcr unsere Au\u00dfendarstellung.<\/p>\n<p>Sie k\u00f6nnen Ihre Einwilligung jederzeit widerrufen, indem Sie die Cookies in Ihrem Browser l\u00f6schen oder Ihre Datenschutzeinstellungen \u00e4ndern.<\/p>\n<p>Fuente:  Configurador de protecci\u00f3n de datos de:&nbsp;<a href=\"http:\/\/www.mein-datenschutzbeauftragter.de\/\">http:\/\/www.mein-datenschutzbeauftragter.de<\/a><\/p>\t\t\t\t\t\t\t\t<\/div>\n\t\t\t\t<\/div>\n\t\t\t\t\t<\/div>\n\t\t<\/div>\n\t\t\t\t\t<\/div>\n\t\t<\/section>\n\t\t\t\t<\/div>","protected":false},"excerpt":{"rendered":"<p>Allgemeiner Hinweis und Pflichtinformationen Benennung der verantwortlichen Stelle Die verantwortliche Stelle f\u00fcr die Datenverarbeitung auf dieser Website ist: re.venture GmbHJens KompauerArndtstr. 2312489 Berlin Die verantwortliche Stelle entscheidet allein oder gemeinsam mit anderen \u00fcber die Zwecke und Mittel der Verarbeitung von personenbezogenen Daten (z.B. Namen, Kontaktdaten o. \u00c4.). Widerruf Ihrer Einwilligung zur DatenverarbeitungNur mit Ihrer ausdr\u00fccklichen [&hellip;]<\/p>\n","protected":false},"author":1,"featured_media":0,"parent":0,"menu_order":0,"comment_status":"closed","ping_status":"closed","template":"page-full-width.php","meta":{"footnotes":""},"class_list":["post-6106","page","type-page","status-publish","hentry"],"yoast_head":"<!-- This site is optimized with the Yoast SEO plugin v27.5 - https:\/\/yoast.com\/product\/yoast-seo-wordpress\/ -->\n<title>Datenschutz - Reventure<\/title>\n<meta name=\"robots\" content=\"index, follow, max-snippet:-1, max-image-preview:large, max-video-preview:-1\" \/>\n<link rel=\"canonical\" href=\"https:\/\/reventure.de\/es\/datenschutz\/\" \/>\n<meta property=\"og:locale\" content=\"es_ES\" \/>\n<meta property=\"og:type\" content=\"article\" \/>\n<meta property=\"og:title\" content=\"Datenschutz - Reventure\" \/>\n<meta property=\"og:description\" content=\"Allgemeiner Hinweis und Pflichtinformationen Benennung der verantwortlichen Stelle Die verantwortliche Stelle f\u00fcr die Datenverarbeitung auf dieser Website ist: re.venture GmbHJens KompauerArndtstr. 2312489 Berlin Die verantwortliche Stelle entscheidet allein oder gemeinsam mit anderen \u00fcber die Zwecke und Mittel der Verarbeitung von personenbezogenen Daten (z.B. Namen, Kontaktdaten o. \u00c4.). Widerruf Ihrer Einwilligung zur DatenverarbeitungNur mit Ihrer ausdr\u00fccklichen [&hellip;]\" \/>\n<meta property=\"og:url\" content=\"https:\/\/reventure.de\/es\/datenschutz\/\" \/>\n<meta property=\"og:site_name\" content=\"Reventure\" \/>\n<meta property=\"article:modified_time\" content=\"2023-05-23T15:57:37+00:00\" \/>\n<meta name=\"twitter:card\" content=\"summary_large_image\" \/>\n<meta name=\"twitter:label1\" content=\"Tiempo de lectura\" \/>\n\t<meta name=\"twitter:data1\" content=\"5 minutos\" \/>\n<script type=\"application\/ld+json\" class=\"yoast-schema-graph\">{\"@context\":\"https:\\\/\\\/schema.org\",\"@graph\":[{\"@type\":\"WebPage\",\"@id\":\"https:\\\/\\\/reventure.de\\\/datenschutz\\\/\",\"url\":\"https:\\\/\\\/reventure.de\\\/datenschutz\\\/\",\"name\":\"Datenschutz - Reventure\",\"isPartOf\":{\"@id\":\"https:\\\/\\\/reventure.de\\\/#website\"},\"datePublished\":\"2022-02-23T16:12:17+00:00\",\"dateModified\":\"2023-05-23T15:57:37+00:00\",\"breadcrumb\":{\"@id\":\"https:\\\/\\\/reventure.de\\\/datenschutz\\\/#breadcrumb\"},\"inLanguage\":\"es\",\"potentialAction\":[{\"@type\":\"ReadAction\",\"target\":[\"https:\\\/\\\/reventure.de\\\/datenschutz\\\/\"]}]},{\"@type\":\"BreadcrumbList\",\"@id\":\"https:\\\/\\\/reventure.de\\\/datenschutz\\\/#breadcrumb\",\"itemListElement\":[{\"@type\":\"ListItem\",\"position\":1,\"name\":\"Startseite\",\"item\":\"https:\\\/\\\/reventure.de\\\/\"},{\"@type\":\"ListItem\",\"position\":2,\"name\":\"Datenschutz\"}]},{\"@type\":\"WebSite\",\"@id\":\"https:\\\/\\\/reventure.de\\\/#website\",\"url\":\"https:\\\/\\\/reventure.de\\\/\",\"name\":\"Reventure\",\"description\":\"Energieprojekte der n\u00e4chsten Generation\",\"publisher\":{\"@id\":\"https:\\\/\\\/reventure.de\\\/#organization\"},\"potentialAction\":[{\"@type\":\"SearchAction\",\"target\":{\"@type\":\"EntryPoint\",\"urlTemplate\":\"https:\\\/\\\/reventure.de\\\/?s={search_term_string}\"},\"query-input\":{\"@type\":\"PropertyValueSpecification\",\"valueRequired\":true,\"valueName\":\"search_term_string\"}}],\"inLanguage\":\"es\"},{\"@type\":\"Organization\",\"@id\":\"https:\\\/\\\/reventure.de\\\/#organization\",\"name\":\"re.venture GmbH\",\"url\":\"https:\\\/\\\/reventure.de\\\/\",\"logo\":{\"@type\":\"ImageObject\",\"inLanguage\":\"es\",\"@id\":\"https:\\\/\\\/reventure.de\\\/#\\\/schema\\\/logo\\\/image\\\/\",\"url\":\"https:\\\/\\\/reventure.de\\\/wp-content\\\/uploads\\\/2022\\\/03\\\/reventure-logo.png\",\"contentUrl\":\"https:\\\/\\\/reventure.de\\\/wp-content\\\/uploads\\\/2022\\\/03\\\/reventure-logo.png\",\"width\":4066,\"height\":1000,\"caption\":\"re.venture GmbH\"},\"image\":{\"@id\":\"https:\\\/\\\/reventure.de\\\/#\\\/schema\\\/logo\\\/image\\\/\"},\"sameAs\":[\"https:\\\/\\\/www.linkedin.com\\\/company\\\/re.venture-gmbh\"]}]}<\/script>\n<!-- \/ Yoast SEO plugin. -->","yoast_head_json":{"title":"Datenschutz - Reventure","robots":{"index":"index","follow":"follow","max-snippet":"max-snippet:-1","max-image-preview":"max-image-preview:large","max-video-preview":"max-video-preview:-1"},"canonical":"https:\/\/reventure.de\/es\/datenschutz\/","og_locale":"es_ES","og_type":"article","og_title":"Datenschutz - Reventure","og_description":"Allgemeiner Hinweis und Pflichtinformationen Benennung der verantwortlichen Stelle Die verantwortliche Stelle f\u00fcr die Datenverarbeitung auf dieser Website ist: re.venture GmbHJens KompauerArndtstr. 2312489 Berlin Die verantwortliche Stelle entscheidet allein oder gemeinsam mit anderen \u00fcber die Zwecke und Mittel der Verarbeitung von personenbezogenen Daten (z.B. Namen, Kontaktdaten o. \u00c4.). Widerruf Ihrer Einwilligung zur DatenverarbeitungNur mit Ihrer ausdr\u00fccklichen [&hellip;]","og_url":"https:\/\/reventure.de\/es\/datenschutz\/","og_site_name":"Reventure","article_modified_time":"2023-05-23T15:57:37+00:00","twitter_card":"summary_large_image","twitter_misc":{"Tiempo de lectura":"5 minutos"},"schema":{"@context":"https:\/\/schema.org","@graph":[{"@type":"WebPage","@id":"https:\/\/reventure.de\/datenschutz\/","url":"https:\/\/reventure.de\/datenschutz\/","name":"Datenschutz - Reventure","isPartOf":{"@id":"https:\/\/reventure.de\/#website"},"datePublished":"2022-02-23T16:12:17+00:00","dateModified":"2023-05-23T15:57:37+00:00","breadcrumb":{"@id":"https:\/\/reventure.de\/datenschutz\/#breadcrumb"},"inLanguage":"es","potentialAction":[{"@type":"ReadAction","target":["https:\/\/reventure.de\/datenschutz\/"]}]},{"@type":"BreadcrumbList","@id":"https:\/\/reventure.de\/datenschutz\/#breadcrumb","itemListElement":[{"@type":"ListItem","position":1,"name":"Startseite","item":"https:\/\/reventure.de\/"},{"@type":"ListItem","position":2,"name":"Datenschutz"}]},{"@type":"WebSite","@id":"https:\/\/reventure.de\/#website","url":"https:\/\/reventure.de\/","name":"Reventure","description":"Desarrollamos soluciones para una futura transici\u00f3n energ\u00e9tica  \u2013","publisher":{"@id":"https:\/\/reventure.de\/#organization"},"potentialAction":[{"@type":"SearchAction","target":{"@type":"EntryPoint","urlTemplate":"https:\/\/reventure.de\/?s={search_term_string}"},"query-input":{"@type":"PropertyValueSpecification","valueRequired":true,"valueName":"search_term_string"}}],"inLanguage":"es"},{"@type":"Organization","@id":"https:\/\/reventure.de\/#organization","name":"re.venture GmbH","url":"https:\/\/reventure.de\/","logo":{"@type":"ImageObject","inLanguage":"es","@id":"https:\/\/reventure.de\/#\/schema\/logo\/image\/","url":"https:\/\/reventure.de\/wp-content\/uploads\/2022\/03\/reventure-logo.png","contentUrl":"https:\/\/reventure.de\/wp-content\/uploads\/2022\/03\/reventure-logo.png","width":4066,"height":1000,"caption":"re.venture GmbH"},"image":{"@id":"https:\/\/reventure.de\/#\/schema\/logo\/image\/"},"sameAs":["https:\/\/www.linkedin.com\/company\/re.venture-gmbh"]}]}},"_links":{"self":[{"href":"https:\/\/reventure.de\/es\/wp-json\/wp\/v2\/pages\/6106","targetHints":{"allow":["GET"]}}],"collection":[{"href":"https:\/\/reventure.de\/es\/wp-json\/wp\/v2\/pages"}],"about":[{"href":"https:\/\/reventure.de\/es\/wp-json\/wp\/v2\/types\/page"}],"author":[{"embeddable":true,"href":"https:\/\/reventure.de\/es\/wp-json\/wp\/v2\/users\/1"}],"replies":[{"embeddable":true,"href":"https:\/\/reventure.de\/es\/wp-json\/wp\/v2\/comments?post=6106"}],"version-history":[{"count":13,"href":"https:\/\/reventure.de\/es\/wp-json\/wp\/v2\/pages\/6106\/revisions"}],"predecessor-version":[{"id":10225,"href":"https:\/\/reventure.de\/es\/wp-json\/wp\/v2\/pages\/6106\/revisions\/10225"}],"wp:attachment":[{"href":"https:\/\/reventure.de\/es\/wp-json\/wp\/v2\/media?parent=6106"}],"curies":[{"name":"wp","href":"https:\/\/api.w.org\/{rel}","templated":true}]}}