{"id":6099,"date":"2022-02-23T17:11:03","date_gmt":"2022-02-23T16:11:03","guid":{"rendered":"https:\/\/reventure.de\/?page_id=6099"},"modified":"2025-11-25T15:17:53","modified_gmt":"2025-11-25T14:17:53","slug":"impressum","status":"publish","type":"page","link":"https:\/\/reventure.de\/es\/impressum\/","title":{"rendered":"Aviso legal"},"content":{"rendered":"<div data-elementor-type=\"wp-page\" data-elementor-id=\"6099\" class=\"elementor elementor-6099\" data-elementor-post-type=\"page\">\n\t\t\t\t\t\t<section class=\"elementor-section elementor-top-section elementor-element elementor-element-fee1f52 elementor-section-boxed elementor-section-height-default elementor-section-height-default qodef-elementor-content-no\" data-id=\"fee1f52\" data-element_type=\"section\" data-e-type=\"section\">\n\t\t\t\t\t\t<div class=\"elementor-container elementor-column-gap-default\">\n\t\t\t\t\t<div class=\"elementor-column elementor-col-100 elementor-top-column elementor-element elementor-element-4068fa1\" data-id=\"4068fa1\" data-element_type=\"column\" data-e-type=\"column\">\n\t\t\t<div class=\"elementor-widget-wrap elementor-element-populated\">\n\t\t\t\t\t\t<div class=\"elementor-element elementor-element-f135bd4 elementor-widget elementor-widget-text-editor\" data-id=\"f135bd4\" data-element_type=\"widget\" data-e-type=\"widget\" data-widget_type=\"text-editor.default\">\n\t\t\t\t<div class=\"elementor-widget-container\">\n\t\t\t\t\t\t\t\t\t<p>re.venture GmbH<br \/>Arndtstr. 23<br \/>12489 Berlin<br \/>+49 (0)30 22379391<br \/>info(at)reventure.de<\/p><p>Directores generales: Jens Kompauer, Ingo Ernst<br \/>Registro Mercantil:  HRB 186202 B<br \/>Tribunal Regional de Berlin-Charlottenburg<\/p><p>Implementaci\u00f3n y realizaci\u00f3n por\u00a0<a href=\"https:\/\/www.chaerry.com\/\">Agencia de creaci\u00f3n de contenido chaerry<\/a>\u00a0\u2013\u00a0<a href=\"https:\/\/www.chaerry.com\/\">www.chaerry.com<\/a><\/p><p class=\"p2\">DERECHOS DE AUTOR<br \/>El dise\u00f1o del sitio web, los gr\u00e1ficos e im\u00e1genes utilizados, as\u00ed como los art\u00edculos individuales, est\u00e1n protegidos por derechos de autor. La reproducci\u00f3n fotomec\u00e1nica, duplicaci\u00f3n o distribuci\u00f3n mediante procedimientos especiales, como el procesamiento de datos, soportes de datos o redes de datos \u2013 incluso parcialmente \u2013 solo est\u00e1 permitida con la autorizaci\u00f3n expresa de re.venture GmbH.<\/p><p class=\"p2\">RESPONSABILIDAD SOBRE EL CONTENIDO<br \/>re.venture GmbH no tiene influencia sobre el dise\u00f1o ni sobre el contenido de los sitios web externos. Por lo tanto, se distancia expresamente de todos los contenidos externos, incluso cuando existan enlaces desde el sitio web de re.venture GmbH hacia dichas p\u00e1ginas. Esta declaraci\u00f3n se aplica a todos los enlaces mostrados en nuestro sitio web y a todos los contenidos de las p\u00e1ginas a las que dirigen los banners y enlaces registrados con nosotros.<\/p><p class=\"p2\">AVISO LEGAL<br \/>Nuestro sitio web contiene enlaces a otras ofertas en l\u00ednea, cuyo contenido y actualizaci\u00f3n no est\u00e1n bajo la responsabilidad de re.venture GmbH.<\/p>\t\t\t\t\t\t\t\t<\/div>\n\t\t\t\t<\/div>\n\t\t\t\t\t<\/div>\n\t\t<\/div>\n\t\t\t\t\t<\/div>\n\t\t<\/section>\n\t\t\t\t<\/div>","protected":false},"excerpt":{"rendered":"<p>re.venture GmbHArndtstr. 2312489 Berlin+49 (0)30 22379391info(at)reventure.de Gesch\u00e4ftsf\u00fchrer: \u00a0Jens Kompauer, Ingo ErnstHandelsregister: HRB 186202 BAmtsgericht Berlin-Charlottenburg Umsetzung und Realisierung durch\u00a0Content Creation Agentur chaerry\u00a0\u2013\u00a0www.chaerry.com URHEBERRECHTDas Layout der Webseite, die verwendeten Grafiken und Bilder sowie die einzelnen Beitr\u00e4ge unterliegen dem Urheberrecht. Eine fotomechanische Vervielf\u00e4ltigung, Duplikation oder Verbreitung mittels besonderer Verfahren \u2013 etwa durch Datenverarbeitung, Datentr\u00e4ger oder Datennetze \u2013 [&hellip;]<\/p>\n","protected":false},"author":1,"featured_media":0,"parent":0,"menu_order":0,"comment_status":"closed","ping_status":"closed","template":"page-full-width.php","meta":{"footnotes":""},"class_list":["post-6099","page","type-page","status-publish","hentry"],"yoast_head":"<!-- This site is optimized with the Yoast SEO plugin v27.3 - https:\/\/yoast.com\/product\/yoast-seo-wordpress\/ -->\n<title>Impressum - Reventure<\/title>\n<meta name=\"robots\" content=\"index, follow, max-snippet:-1, max-image-preview:large, max-video-preview:-1\" \/>\n<link rel=\"canonical\" href=\"https:\/\/reventure.de\/es\/impressum\/\" \/>\n<meta property=\"og:locale\" content=\"es_ES\" \/>\n<meta property=\"og:type\" content=\"article\" \/>\n<meta property=\"og:title\" content=\"Impressum - Reventure\" \/>\n<meta property=\"og:description\" content=\"re.venture GmbHArndtstr. 2312489 Berlin+49 (0)30 22379391info(at)reventure.de Gesch\u00e4ftsf\u00fchrer: \u00a0Jens Kompauer, Ingo ErnstHandelsregister: HRB 186202 BAmtsgericht Berlin-Charlottenburg Umsetzung und Realisierung durch\u00a0Content Creation Agentur chaerry\u00a0\u2013\u00a0www.chaerry.com URHEBERRECHTDas Layout der Webseite, die verwendeten Grafiken und Bilder sowie die einzelnen Beitr\u00e4ge unterliegen dem Urheberrecht. Eine fotomechanische Vervielf\u00e4ltigung, Duplikation oder Verbreitung mittels besonderer Verfahren \u2013 etwa durch Datenverarbeitung, Datentr\u00e4ger oder Datennetze \u2013 [&hellip;]\" \/>\n<meta property=\"og:url\" content=\"https:\/\/reventure.de\/es\/impressum\/\" \/>\n<meta property=\"og:site_name\" content=\"Reventure\" \/>\n<meta property=\"article:modified_time\" content=\"2025-11-25T14:17:53+00:00\" \/>\n<meta name=\"twitter:card\" content=\"summary_large_image\" \/>\n<meta name=\"twitter:label1\" content=\"Tiempo de lectura\" \/>\n\t<meta name=\"twitter:data1\" content=\"1 minuto\" \/>\n<script type=\"application\/ld+json\" class=\"yoast-schema-graph\">{\"@context\":\"https:\\\/\\\/schema.org\",\"@graph\":[{\"@type\":\"WebPage\",\"@id\":\"https:\\\/\\\/reventure.de\\\/impressum\\\/\",\"url\":\"https:\\\/\\\/reventure.de\\\/impressum\\\/\",\"name\":\"Impressum - Reventure\",\"isPartOf\":{\"@id\":\"https:\\\/\\\/reventure.de\\\/#website\"},\"datePublished\":\"2022-02-23T16:11:03+00:00\",\"dateModified\":\"2025-11-25T14:17:53+00:00\",\"breadcrumb\":{\"@id\":\"https:\\\/\\\/reventure.de\\\/impressum\\\/#breadcrumb\"},\"inLanguage\":\"es\",\"potentialAction\":[{\"@type\":\"ReadAction\",\"target\":[\"https:\\\/\\\/reventure.de\\\/impressum\\\/\"]}]},{\"@type\":\"BreadcrumbList\",\"@id\":\"https:\\\/\\\/reventure.de\\\/impressum\\\/#breadcrumb\",\"itemListElement\":[{\"@type\":\"ListItem\",\"position\":1,\"name\":\"Startseite\",\"item\":\"https:\\\/\\\/reventure.de\\\/\"},{\"@type\":\"ListItem\",\"position\":2,\"name\":\"Impressum\"}]},{\"@type\":\"WebSite\",\"@id\":\"https:\\\/\\\/reventure.de\\\/#website\",\"url\":\"https:\\\/\\\/reventure.de\\\/\",\"name\":\"Reventure\",\"description\":\"Energieprojekte der n\u00e4chsten Generation\",\"publisher\":{\"@id\":\"https:\\\/\\\/reventure.de\\\/#organization\"},\"potentialAction\":[{\"@type\":\"SearchAction\",\"target\":{\"@type\":\"EntryPoint\",\"urlTemplate\":\"https:\\\/\\\/reventure.de\\\/?s={search_term_string}\"},\"query-input\":{\"@type\":\"PropertyValueSpecification\",\"valueRequired\":true,\"valueName\":\"search_term_string\"}}],\"inLanguage\":\"es\"},{\"@type\":\"Organization\",\"@id\":\"https:\\\/\\\/reventure.de\\\/#organization\",\"name\":\"re.venture GmbH\",\"url\":\"https:\\\/\\\/reventure.de\\\/\",\"logo\":{\"@type\":\"ImageObject\",\"inLanguage\":\"es\",\"@id\":\"https:\\\/\\\/reventure.de\\\/#\\\/schema\\\/logo\\\/image\\\/\",\"url\":\"https:\\\/\\\/reventure.de\\\/wp-content\\\/uploads\\\/2022\\\/03\\\/reventure-logo.png\",\"contentUrl\":\"https:\\\/\\\/reventure.de\\\/wp-content\\\/uploads\\\/2022\\\/03\\\/reventure-logo.png\",\"width\":4066,\"height\":1000,\"caption\":\"re.venture GmbH\"},\"image\":{\"@id\":\"https:\\\/\\\/reventure.de\\\/#\\\/schema\\\/logo\\\/image\\\/\"},\"sameAs\":[\"https:\\\/\\\/www.linkedin.com\\\/company\\\/re.venture-gmbh\"]}]}<\/script>\n<!-- \/ Yoast SEO plugin. -->","yoast_head_json":{"title":"Impressum - Reventure","robots":{"index":"index","follow":"follow","max-snippet":"max-snippet:-1","max-image-preview":"max-image-preview:large","max-video-preview":"max-video-preview:-1"},"canonical":"https:\/\/reventure.de\/es\/impressum\/","og_locale":"es_ES","og_type":"article","og_title":"Impressum - Reventure","og_description":"re.venture GmbHArndtstr. 2312489 Berlin+49 (0)30 22379391info(at)reventure.de Gesch\u00e4ftsf\u00fchrer: \u00a0Jens Kompauer, Ingo ErnstHandelsregister: HRB 186202 BAmtsgericht Berlin-Charlottenburg Umsetzung und Realisierung durch\u00a0Content Creation Agentur chaerry\u00a0\u2013\u00a0www.chaerry.com URHEBERRECHTDas Layout der Webseite, die verwendeten Grafiken und Bilder sowie die einzelnen Beitr\u00e4ge unterliegen dem Urheberrecht. Eine fotomechanische Vervielf\u00e4ltigung, Duplikation oder Verbreitung mittels besonderer Verfahren \u2013 etwa durch Datenverarbeitung, Datentr\u00e4ger oder Datennetze \u2013 [&hellip;]","og_url":"https:\/\/reventure.de\/es\/impressum\/","og_site_name":"Reventure","article_modified_time":"2025-11-25T14:17:53+00:00","twitter_card":"summary_large_image","twitter_misc":{"Tiempo de lectura":"1 minuto"},"schema":{"@context":"https:\/\/schema.org","@graph":[{"@type":"WebPage","@id":"https:\/\/reventure.de\/impressum\/","url":"https:\/\/reventure.de\/impressum\/","name":"Impressum - Reventure","isPartOf":{"@id":"https:\/\/reventure.de\/#website"},"datePublished":"2022-02-23T16:11:03+00:00","dateModified":"2025-11-25T14:17:53+00:00","breadcrumb":{"@id":"https:\/\/reventure.de\/impressum\/#breadcrumb"},"inLanguage":"es","potentialAction":[{"@type":"ReadAction","target":["https:\/\/reventure.de\/impressum\/"]}]},{"@type":"BreadcrumbList","@id":"https:\/\/reventure.de\/impressum\/#breadcrumb","itemListElement":[{"@type":"ListItem","position":1,"name":"Startseite","item":"https:\/\/reventure.de\/"},{"@type":"ListItem","position":2,"name":"Impressum"}]},{"@type":"WebSite","@id":"https:\/\/reventure.de\/#website","url":"https:\/\/reventure.de\/","name":"Reventure","description":"Desarrollamos soluciones para una futura transici\u00f3n energ\u00e9tica  \u2013","publisher":{"@id":"https:\/\/reventure.de\/#organization"},"potentialAction":[{"@type":"SearchAction","target":{"@type":"EntryPoint","urlTemplate":"https:\/\/reventure.de\/?s={search_term_string}"},"query-input":{"@type":"PropertyValueSpecification","valueRequired":true,"valueName":"search_term_string"}}],"inLanguage":"es"},{"@type":"Organization","@id":"https:\/\/reventure.de\/#organization","name":"re.venture GmbH","url":"https:\/\/reventure.de\/","logo":{"@type":"ImageObject","inLanguage":"es","@id":"https:\/\/reventure.de\/#\/schema\/logo\/image\/","url":"https:\/\/reventure.de\/wp-content\/uploads\/2022\/03\/reventure-logo.png","contentUrl":"https:\/\/reventure.de\/wp-content\/uploads\/2022\/03\/reventure-logo.png","width":4066,"height":1000,"caption":"re.venture GmbH"},"image":{"@id":"https:\/\/reventure.de\/#\/schema\/logo\/image\/"},"sameAs":["https:\/\/www.linkedin.com\/company\/re.venture-gmbh"]}]}},"_links":{"self":[{"href":"https:\/\/reventure.de\/es\/wp-json\/wp\/v2\/pages\/6099","targetHints":{"allow":["GET"]}}],"collection":[{"href":"https:\/\/reventure.de\/es\/wp-json\/wp\/v2\/pages"}],"about":[{"href":"https:\/\/reventure.de\/es\/wp-json\/wp\/v2\/types\/page"}],"author":[{"embeddable":true,"href":"https:\/\/reventure.de\/es\/wp-json\/wp\/v2\/users\/1"}],"replies":[{"embeddable":true,"href":"https:\/\/reventure.de\/es\/wp-json\/wp\/v2\/comments?post=6099"}],"version-history":[{"count":34,"href":"https:\/\/reventure.de\/es\/wp-json\/wp\/v2\/pages\/6099\/revisions"}],"predecessor-version":[{"id":12316,"href":"https:\/\/reventure.de\/es\/wp-json\/wp\/v2\/pages\/6099\/revisions\/12316"}],"wp:attachment":[{"href":"https:\/\/reventure.de\/es\/wp-json\/wp\/v2\/media?parent=6099"}],"curies":[{"name":"wp","href":"https:\/\/api.w.org\/{rel}","templated":true}]}}