{"id":7422,"date":"2022-03-30T17:25:51","date_gmt":"2022-03-30T15:25:51","guid":{"rendered":"https:\/\/reventure.de\/?page_id=7422"},"modified":"2022-05-19T10:15:31","modified_gmt":"2022-05-19T08:15:31","slug":"mission-2030","status":"publish","type":"page","link":"https:\/\/reventure.de\/en\/ueber-uns\/mission-2030\/","title":{"rendered":"Our mission for 2030"},"content":{"rendered":"<div data-elementor-type=\"wp-page\" data-elementor-id=\"7422\" class=\"elementor elementor-7422\" data-elementor-post-type=\"page\">\n\t\t\t\t\t\t<section class=\"elementor-section elementor-top-section elementor-element elementor-element-55ba617 section-custom-padding elementor-section-boxed elementor-section-height-default elementor-section-height-default qodef-elementor-content-no\" data-id=\"55ba617\" data-element_type=\"section\" data-e-type=\"section\" data-settings=\"{&quot;background_background&quot;:&quot;classic&quot;}\">\n\t\t\t\t\t\t<div class=\"elementor-container elementor-column-gap-default\">\n\t\t\t\t\t<div class=\"elementor-column elementor-col-100 elementor-top-column elementor-element elementor-element-00e1d48\" data-id=\"00e1d48\" data-element_type=\"column\" data-e-type=\"column\">\n\t\t\t<div class=\"elementor-widget-wrap elementor-element-populated\">\n\t\t\t\t\t\t<div class=\"elementor-element elementor-element-68c8473 elementor-cta--layout-image-right elementor-cta--mobile-layout-image-above elementor-cta--skin-classic elementor-animated-content elementor-widget elementor-widget-call-to-action\" data-id=\"68c8473\" data-element_type=\"widget\" data-e-type=\"widget\" data-widget_type=\"call-to-action.default\">\n\t\t\t\t<div class=\"elementor-widget-container\">\n\t\t\t\t\t\t\t<div class=\"elementor-cta\">\n\t\t\t\t\t<div class=\"elementor-cta__bg-wrapper\">\n\t\t\t\t<div class=\"elementor-cta__bg elementor-bg\" style=\"background-image: url(https:\/\/reventure.de\/wp-content\/uploads\/2022\/04\/Unterebene-Industrie-1024x680.jpg);\" role=\"img\" aria-label=\"Unterebene-Industrie\"><\/div>\n\t\t\t\t<div class=\"elementor-cta__bg-overlay\"><\/div>\n\t\t\t<\/div>\n\t\t\t\t\t\t\t<div class=\"elementor-cta__content\">\n\t\t\t\t\n\t\t\t\t\t\t\t\t\t<h2 class=\"elementor-cta__title elementor-cta__content-item elementor-content-item\">\n\t\t\t\t\t\tOur Mission\t\t\t\t\t<\/h2>\n\t\t\t\t\n\t\t\t\t\t\t\t\t\t<div class=\"elementor-cta__description elementor-cta__content-item elementor-content-item\">\n\t\t\t\t\t\tWe do not know what the world will look like in 10 years. However, we do know the challenges we face, the solutions we need to bring about, and the responsibilities we hold\u2014both towards our society and towards the next generation. \t\t\t\t\t<\/div>\n\t\t\t\t\n\t\t\t\t\t\t\t<\/div>\n\t\t\t\t\t\t<\/div>\n\t\t\t\t\t\t<\/div>\n\t\t\t\t<\/div>\n\t\t\t\t\t<\/div>\n\t\t<\/div>\n\t\t\t\t\t<\/div>\n\t\t<\/section>\n\t\t\t\t<section class=\"elementor-section elementor-top-section elementor-element elementor-element-36ef339 section-custom-padding elementor-section-boxed elementor-section-height-default elementor-section-height-default qodef-elementor-content-no\" data-id=\"36ef339\" data-element_type=\"section\" data-e-type=\"section\">\n\t\t\t\t\t\t<div class=\"elementor-container elementor-column-gap-default\">\n\t\t\t\t\t<div class=\"elementor-column elementor-col-100 elementor-top-column elementor-element elementor-element-71e72b6\" data-id=\"71e72b6\" data-element_type=\"column\" data-e-type=\"column\">\n\t\t\t<div class=\"elementor-widget-wrap elementor-element-populated\">\n\t\t\t\t\t\t<div class=\"elementor-element elementor-element-7ea78db elementor-widget elementor-widget-heading\" data-id=\"7ea78db\" data-element_type=\"widget\" data-e-type=\"widget\" data-widget_type=\"heading.default\">\n\t\t\t\t<div class=\"elementor-widget-container\">\n\t\t\t\t\t<h3 class=\"elementor-heading-title elementor-size-default\">The Challenge<\/h3>\t\t\t\t<\/div>\n\t\t\t\t<\/div>\n\t\t\t\t<div class=\"elementor-element elementor-element-240f371 elementor-widget-tablet__width-initial elementor-widget elementor-widget-text-editor\" data-id=\"240f371\" data-element_type=\"widget\" data-e-type=\"widget\" data-widget_type=\"text-editor.default\">\n\t\t\t\t<div class=\"elementor-widget-container\">\n\t\t\t\t\t\t\t\t\t<p>The energy transition is an organizational challenge that can only be mastered collectively. As project developers, we have a clear mandate: to develop and implement many highly efficient energy projects in the shortest possible time in order to make a valuable contribution to the energy transition, ensuring sustainable supply, and achieving climate goals.<\/p><p>We achieve this by finding pragmatic solutions for complex problems, conveying them through transparent and binding communication, planning professionally, and implementing decisively. Because it's time.<\/p><p>That's why we develop projects that generate renewable energy and also move and excite citizens.<\/p><p>Reliable and future-proof.<\/p>\t\t\t\t\t\t\t\t<\/div>\n\t\t\t\t<\/div>\n\t\t\t\t\t<\/div>\n\t\t<\/div>\n\t\t\t\t\t<\/div>\n\t\t<\/section>\n\t\t\t\t<\/div>","protected":false},"excerpt":{"rendered":"<p>Unsere Mission Wir wissen nicht, wie die Welt in 10 Jahren aussehen wird. Wir wissen aber, vor welchen Herausforderungen wir stehen, welche L\u00f6sungen wir herbeif\u00fchren m\u00fcssen und welche Verantwortung wir tragen -sowohl gegen\u00fcber unserer Gesellschaft als auch gegen\u00fcber der n\u00e4chsten Generation. Die Herausforderung Die Energiewende ist eine organisatorische Herausforderung, die nur gemeinschaftlich gemeistert werden kann. [&hellip;]<\/p>\n","protected":false},"author":1,"featured_media":0,"parent":5430,"menu_order":0,"comment_status":"closed","ping_status":"closed","template":"page-full-width.php","meta":{"footnotes":""},"class_list":["post-7422","page","type-page","status-publish","hentry"],"yoast_head":"<!-- This site is optimized with the Yoast SEO plugin v27.4 - https:\/\/yoast.com\/product\/yoast-seo-wordpress\/ -->\n<title>Mission 2030 - Reventure<\/title>\n<meta name=\"robots\" content=\"index, follow, max-snippet:-1, max-image-preview:large, max-video-preview:-1\" \/>\n<link rel=\"canonical\" href=\"https:\/\/reventure.de\/en\/ueber-uns\/mission-2030\/\" \/>\n<meta property=\"og:locale\" content=\"en_US\" \/>\n<meta property=\"og:type\" content=\"article\" \/>\n<meta property=\"og:title\" content=\"Mission 2030 - Reventure\" \/>\n<meta property=\"og:description\" content=\"Unsere Mission Wir wissen nicht, wie die Welt in 10 Jahren aussehen wird. Wir wissen aber, vor welchen Herausforderungen wir stehen, welche L\u00f6sungen wir herbeif\u00fchren m\u00fcssen und welche Verantwortung wir tragen -sowohl gegen\u00fcber unserer Gesellschaft als auch gegen\u00fcber der n\u00e4chsten Generation. Die Herausforderung Die Energiewende ist eine organisatorische Herausforderung, die nur gemeinschaftlich gemeistert werden kann. [&hellip;]\" \/>\n<meta property=\"og:url\" content=\"https:\/\/reventure.de\/en\/ueber-uns\/mission-2030\/\" \/>\n<meta property=\"og:site_name\" content=\"Reventure\" \/>\n<meta property=\"article:modified_time\" content=\"2022-05-19T08:15:31+00:00\" \/>\n<meta name=\"twitter:card\" content=\"summary_large_image\" \/>\n<meta name=\"twitter:label1\" content=\"Est. reading time\" \/>\n\t<meta name=\"twitter:data1\" content=\"1 minute\" \/>\n<script type=\"application\/ld+json\" class=\"yoast-schema-graph\">{\"@context\":\"https:\\\/\\\/schema.org\",\"@graph\":[{\"@type\":\"WebPage\",\"@id\":\"https:\\\/\\\/reventure.de\\\/ueber-uns\\\/mission-2030\\\/\",\"url\":\"https:\\\/\\\/reventure.de\\\/ueber-uns\\\/mission-2030\\\/\",\"name\":\"Mission 2030 - Reventure\",\"isPartOf\":{\"@id\":\"https:\\\/\\\/reventure.de\\\/#website\"},\"datePublished\":\"2022-03-30T15:25:51+00:00\",\"dateModified\":\"2022-05-19T08:15:31+00:00\",\"breadcrumb\":{\"@id\":\"https:\\\/\\\/reventure.de\\\/ueber-uns\\\/mission-2030\\\/#breadcrumb\"},\"inLanguage\":\"en-US\",\"potentialAction\":[{\"@type\":\"ReadAction\",\"target\":[\"https:\\\/\\\/reventure.de\\\/ueber-uns\\\/mission-2030\\\/\"]}]},{\"@type\":\"BreadcrumbList\",\"@id\":\"https:\\\/\\\/reventure.de\\\/ueber-uns\\\/mission-2030\\\/#breadcrumb\",\"itemListElement\":[{\"@type\":\"ListItem\",\"position\":1,\"name\":\"Startseite\",\"item\":\"https:\\\/\\\/reventure.de\\\/\"},{\"@type\":\"ListItem\",\"position\":2,\"name\":\"\u00dcber uns\",\"item\":\"https:\\\/\\\/reventure.de\\\/ueber-uns\\\/\"},{\"@type\":\"ListItem\",\"position\":3,\"name\":\"Mission 2030\"}]},{\"@type\":\"WebSite\",\"@id\":\"https:\\\/\\\/reventure.de\\\/#website\",\"url\":\"https:\\\/\\\/reventure.de\\\/\",\"name\":\"Reventure\",\"description\":\"Energieprojekte der n\u00e4chsten Generation\",\"publisher\":{\"@id\":\"https:\\\/\\\/reventure.de\\\/#organization\"},\"potentialAction\":[{\"@type\":\"SearchAction\",\"target\":{\"@type\":\"EntryPoint\",\"urlTemplate\":\"https:\\\/\\\/reventure.de\\\/?s={search_term_string}\"},\"query-input\":{\"@type\":\"PropertyValueSpecification\",\"valueRequired\":true,\"valueName\":\"search_term_string\"}}],\"inLanguage\":\"en-US\"},{\"@type\":\"Organization\",\"@id\":\"https:\\\/\\\/reventure.de\\\/#organization\",\"name\":\"re.venture GmbH\",\"url\":\"https:\\\/\\\/reventure.de\\\/\",\"logo\":{\"@type\":\"ImageObject\",\"inLanguage\":\"en-US\",\"@id\":\"https:\\\/\\\/reventure.de\\\/#\\\/schema\\\/logo\\\/image\\\/\",\"url\":\"https:\\\/\\\/reventure.de\\\/wp-content\\\/uploads\\\/2022\\\/03\\\/reventure-logo.png\",\"contentUrl\":\"https:\\\/\\\/reventure.de\\\/wp-content\\\/uploads\\\/2022\\\/03\\\/reventure-logo.png\",\"width\":4066,\"height\":1000,\"caption\":\"re.venture GmbH\"},\"image\":{\"@id\":\"https:\\\/\\\/reventure.de\\\/#\\\/schema\\\/logo\\\/image\\\/\"},\"sameAs\":[\"https:\\\/\\\/www.linkedin.com\\\/company\\\/re.venture-gmbh\"]}]}<\/script>\n<!-- \/ Yoast SEO plugin. -->","yoast_head_json":{"title":"Mission 2030 - Reventure","robots":{"index":"index","follow":"follow","max-snippet":"max-snippet:-1","max-image-preview":"max-image-preview:large","max-video-preview":"max-video-preview:-1"},"canonical":"https:\/\/reventure.de\/en\/ueber-uns\/mission-2030\/","og_locale":"en_US","og_type":"article","og_title":"Mission 2030 - Reventure","og_description":"Unsere Mission Wir wissen nicht, wie die Welt in 10 Jahren aussehen wird. Wir wissen aber, vor welchen Herausforderungen wir stehen, welche L\u00f6sungen wir herbeif\u00fchren m\u00fcssen und welche Verantwortung wir tragen -sowohl gegen\u00fcber unserer Gesellschaft als auch gegen\u00fcber der n\u00e4chsten Generation. Die Herausforderung Die Energiewende ist eine organisatorische Herausforderung, die nur gemeinschaftlich gemeistert werden kann. [&hellip;]","og_url":"https:\/\/reventure.de\/en\/ueber-uns\/mission-2030\/","og_site_name":"Reventure","article_modified_time":"2022-05-19T08:15:31+00:00","twitter_card":"summary_large_image","twitter_misc":{"Est. reading time":"1 minute"},"schema":{"@context":"https:\/\/schema.org","@graph":[{"@type":"WebPage","@id":"https:\/\/reventure.de\/ueber-uns\/mission-2030\/","url":"https:\/\/reventure.de\/ueber-uns\/mission-2030\/","name":"Mission 2030 - Reventure","isPartOf":{"@id":"https:\/\/reventure.de\/#website"},"datePublished":"2022-03-30T15:25:51+00:00","dateModified":"2022-05-19T08:15:31+00:00","breadcrumb":{"@id":"https:\/\/reventure.de\/ueber-uns\/mission-2030\/#breadcrumb"},"inLanguage":"en-US","potentialAction":[{"@type":"ReadAction","target":["https:\/\/reventure.de\/ueber-uns\/mission-2030\/"]}]},{"@type":"BreadcrumbList","@id":"https:\/\/reventure.de\/ueber-uns\/mission-2030\/#breadcrumb","itemListElement":[{"@type":"ListItem","position":1,"name":"Startseite","item":"https:\/\/reventure.de\/"},{"@type":"ListItem","position":2,"name":"\u00dcber uns","item":"https:\/\/reventure.de\/ueber-uns\/"},{"@type":"ListItem","position":3,"name":"Mission 2030"}]},{"@type":"WebSite","@id":"https:\/\/reventure.de\/#website","url":"https:\/\/reventure.de\/","name":"Reventure","description":"Energy projects of the next generation","publisher":{"@id":"https:\/\/reventure.de\/#organization"},"potentialAction":[{"@type":"SearchAction","target":{"@type":"EntryPoint","urlTemplate":"https:\/\/reventure.de\/?s={search_term_string}"},"query-input":{"@type":"PropertyValueSpecification","valueRequired":true,"valueName":"search_term_string"}}],"inLanguage":"en-US"},{"@type":"Organization","@id":"https:\/\/reventure.de\/#organization","name":"re.venture GmbH","url":"https:\/\/reventure.de\/","logo":{"@type":"ImageObject","inLanguage":"en-US","@id":"https:\/\/reventure.de\/#\/schema\/logo\/image\/","url":"https:\/\/reventure.de\/wp-content\/uploads\/2022\/03\/reventure-logo.png","contentUrl":"https:\/\/reventure.de\/wp-content\/uploads\/2022\/03\/reventure-logo.png","width":4066,"height":1000,"caption":"re.venture GmbH"},"image":{"@id":"https:\/\/reventure.de\/#\/schema\/logo\/image\/"},"sameAs":["https:\/\/www.linkedin.com\/company\/re.venture-gmbh"]}]}},"_links":{"self":[{"href":"https:\/\/reventure.de\/en\/wp-json\/wp\/v2\/pages\/7422","targetHints":{"allow":["GET"]}}],"collection":[{"href":"https:\/\/reventure.de\/en\/wp-json\/wp\/v2\/pages"}],"about":[{"href":"https:\/\/reventure.de\/en\/wp-json\/wp\/v2\/types\/page"}],"author":[{"embeddable":true,"href":"https:\/\/reventure.de\/en\/wp-json\/wp\/v2\/users\/1"}],"replies":[{"embeddable":true,"href":"https:\/\/reventure.de\/en\/wp-json\/wp\/v2\/comments?post=7422"}],"version-history":[{"count":44,"href":"https:\/\/reventure.de\/en\/wp-json\/wp\/v2\/pages\/7422\/revisions"}],"predecessor-version":[{"id":9457,"href":"https:\/\/reventure.de\/en\/wp-json\/wp\/v2\/pages\/7422\/revisions\/9457"}],"up":[{"embeddable":true,"href":"https:\/\/reventure.de\/en\/wp-json\/wp\/v2\/pages\/5430"}],"wp:attachment":[{"href":"https:\/\/reventure.de\/en\/wp-json\/wp\/v2\/media?parent=7422"}],"curies":[{"name":"wp","href":"https:\/\/api.w.org\/{rel}","templated":true}]}}