{"id":6106,"date":"2022-02-23T17:12:17","date_gmt":"2022-02-23T16:12:17","guid":{"rendered":"https:\/\/reventure.de\/?page_id=6106"},"modified":"2023-05-23T17:57:37","modified_gmt":"2023-05-23T15:57:37","slug":"datenschutz","status":"publish","type":"page","link":"https:\/\/reventure.de\/en\/datenschutz\/","title":{"rendered":"Privacy Policy"},"content":{"rendered":"<div data-elementor-type=\"wp-page\" data-elementor-id=\"6106\" class=\"elementor elementor-6106\" data-elementor-post-type=\"page\">\n\t\t\t\t\t\t<section class=\"elementor-section elementor-top-section elementor-element elementor-element-7349c4f elementor-section-boxed elementor-section-height-default elementor-section-height-default qodef-elementor-content-no\" data-id=\"7349c4f\" data-element_type=\"section\" data-e-type=\"section\">\n\t\t\t\t\t\t<div class=\"elementor-container elementor-column-gap-default\">\n\t\t\t\t\t<div class=\"elementor-column elementor-col-100 elementor-top-column elementor-element elementor-element-ab40ccd\" data-id=\"ab40ccd\" data-element_type=\"column\" data-e-type=\"column\">\n\t\t\t<div class=\"elementor-widget-wrap elementor-element-populated\">\n\t\t\t\t\t\t<div class=\"elementor-element elementor-element-d9ed96b elementor-widget elementor-widget-text-editor\" data-id=\"d9ed96b\" data-element_type=\"widget\" data-e-type=\"widget\" data-widget_type=\"text-editor.default\">\n\t\t\t\t<div class=\"elementor-widget-container\">\n\t\t\t\t\t\t\t\t\t<p><b>General notice and obligatory information<\/b><\/p>\n<p><b>Designation of the responsible entity<\/b><\/p>\n<p>The responsible party for data processing on this website is:<\/p>\n<p>re.venture GmbH<br>Jens Kompauer<br>Arndtstr. 23<br>12489 Berlin<\/p>\n<p>The controller decides alone or jointly with others on the purposes and means of the processing of personal data (e.g. names, contact details or similar).<\/p>\n<p><b>Revoking your consent to data processing<br><\/b>Some data processing operations are only possible with your express consent. A revocation of your already given consent is possible at any time. An informal communication by e-mail is sufficient for the revocation. The legality of the data processing carried out until the revocation remains unaffected by the revocation.<\/p>\n<p><b>Right to complain to the competent supervisory authority<br><\/b>As a data subject, you have the right to lodge a complaint with the competent supervisory authority in the event of a data protection violation. The competent supervisory authority regarding data protection issues is the state data protection commissioner of the federal state in which our company's registered office is located. The following link provides a list of data protection officers and their contact details:&nbsp;<a href=\"https:\/\/www.bfdi.bund.de\/DE\/Infothek\/Anschriften_Links\/anschriften_links-node.html\" target=\"_blank\" rel=\"noopener\">https:\/\/www.bfdi.bund.de\/DE\/Infothek\/Anschriften_Links\/anschriften_links-node.html<\/a>.<\/p>\n<p><b>Data portability right<br><\/b>You have the right to have data that we process automatically on the basis of your consent or in fulfillment of a contract handed over to you or to third parties. The data will be provided in a machine-readable format. If you request the direct transfer of the data to another responsible party, this will only be done insofar as it is technically feasible.<\/p>\n<p><b>Right to information, correction, blocking, deletion<\/b><br>Within the scope of the applicable legal provisions, you have the right at any time to free information about your stored personal data, the origin of the data, their recipients and the purpose of data processing and, if applicable, a right to correction, blocking or deletion of this data. In this regard and also for further questions on the subject of personal data, you can contact us at any time via the contact options listed in the imprint.<\/p>\n<p><b>SSL \/ TLS encryption<br><\/b>For security reasons and to protect the transmission of confidential content that you send to us as site operator, our website uses SSL or TLS encryption. This means that data that you transmit via this website cannot be read by third parties. You can recognize an encrypted connection by the \"https:\/\/\" address line of your browser and the lock symbol in the browser line.<\/p>\n<p><b>Contact Form<br><\/b>Data transmitted via contact form will be stored, including your contact details, in order to be able to process your request or to be available for follow-up questions. This data will not be passed on without your consent.<\/p>\n<p>The processing of the data entered in the contact form is based exclusively on your consent (Art. 6 para. 1 lit. a DSGVO {Data Protection Regulation}). A revocation of your already given consent is possible at any time. An informal communication by e-mail is sufficient for the revocation. The legality of the data processing operations carried out until the revocation remains unaffected by the revocation.<\/p>\n<p>Data transmitted via the contact form will remain with us until you request us to delete it, revoke your consent to store it, or there is no longer any need to store the data. Mandatory legal provisions - in particular retention periods - remain unaffected.<\/p>\n<p><b>Google Web Fonts<br><\/b>Our website uses web fonts from Google. The provider is Google Inc, 1600 Amphitheatre Parkway, Mountain View, CA 94043, USA.<\/p>\n<p>By using these web fonts, it is possible to present you with the presentation of our website that we desire, regardless of which fonts are available to you locally. This is done by retrieving the Google web fonts from a Google server in the U.S. and the associated transfer of your data to Google. This is your IP address and which of our pages you have visited. The use of Google Web Fonts is based on Art. 6 para. 1 lit. f DSGVO {Data Protection Regulation}. As the operator of this website, we have a legitimate interest in the optimal presentation and transmission of our website.<\/p>\n<p>Das Unternehmen Google ist f\u00fcr das us-europ\u00e4ische Datenschutz\u00fcbereinkommen &#8220;Privacy Shield&#8221; zertifiziert. Dieses Datenschutz\u00fcbereinkommen soll die Einhaltung des in der EU geltenden Datenschutzniveaus gew\u00e4hrleisten.<\/p>\n<p>For details on Google Web Fonts, see:&nbsp;<a href=\"https:\/\/www.google.com\/fonts#AboutPlace:about\" target=\"_blank\" rel=\"noopener\">https:\/\/www.google.com\/fonts#AboutPlace:about<\/a>&nbsp;and further information in Google's privacy policy:&nbsp;<a href=\"https:\/\/policies.google.com\/privacy\/partners?hl=de\" target=\"_blank\" rel=\"noopener\">https:\/\/policies.google.com\/privacy\/partners?hl=de<\/a><\/p>\n<p><b>Matomo Analytics<\/b><\/p>\n<p>With your consent, we use the open source software Matomo to analyze and statistically evaluate the use of the website. Cookies are used for this purpose. The information about website usage obtained in this way is transmitted exclusively to our servers and summarized in pseudonymous usage profiles. We use the data to evaluate the use of the website. The data collected is not passed on to third parties.<\/p>\n<p>The IP addresses are anonymized (IP masking), so that an assignment to individual users is not possible.<\/p>\n<p>The processing of the data is based on Art. 6 para. 1 p. 1 lit. a DSGVO {Data Protection Regulation}. We thereby pursue our legitimate interest in optimizing our website for our external presentation.<\/p>\n<p>You can revoke your consent at any time by deleting the cookies in your browser or changing your privacy settings.<\/p>\n<p>Source: Privacy configurator by&nbsp;<a href=\"http:\/\/www.mein-datenschutzbeauftragter.de\/\">http:\/\/www.mein-datenschutzbeauftragter.de<\/a><\/p>\t\t\t\t\t\t\t\t<\/div>\n\t\t\t\t<\/div>\n\t\t\t\t\t<\/div>\n\t\t<\/div>\n\t\t\t\t\t<\/div>\n\t\t<\/section>\n\t\t\t\t<\/div>","protected":false},"excerpt":{"rendered":"<p>Allgemeiner Hinweis und Pflichtinformationen Benennung der verantwortlichen Stelle Die verantwortliche Stelle f\u00fcr die Datenverarbeitung auf dieser Website ist: re.venture GmbHJens KompauerArndtstr. 2312489 Berlin Die verantwortliche Stelle entscheidet allein oder gemeinsam mit anderen \u00fcber die Zwecke und Mittel der Verarbeitung von personenbezogenen Daten (z.B. Namen, Kontaktdaten o. \u00c4.). Widerruf Ihrer Einwilligung zur DatenverarbeitungNur mit Ihrer ausdr\u00fccklichen [&hellip;]<\/p>\n","protected":false},"author":1,"featured_media":0,"parent":0,"menu_order":0,"comment_status":"closed","ping_status":"closed","template":"page-full-width.php","meta":{"footnotes":""},"class_list":["post-6106","page","type-page","status-publish","hentry"],"yoast_head":"<!-- This site is optimized with the Yoast SEO plugin v27.3 - https:\/\/yoast.com\/product\/yoast-seo-wordpress\/ -->\n<title>Datenschutz - Reventure<\/title>\n<meta name=\"robots\" content=\"index, follow, max-snippet:-1, max-image-preview:large, max-video-preview:-1\" \/>\n<link rel=\"canonical\" href=\"https:\/\/reventure.de\/en\/datenschutz\/\" \/>\n<meta property=\"og:locale\" content=\"en_US\" \/>\n<meta property=\"og:type\" content=\"article\" \/>\n<meta property=\"og:title\" content=\"Datenschutz - Reventure\" \/>\n<meta property=\"og:description\" content=\"Allgemeiner Hinweis und Pflichtinformationen Benennung der verantwortlichen Stelle Die verantwortliche Stelle f\u00fcr die Datenverarbeitung auf dieser Website ist: re.venture GmbHJens KompauerArndtstr. 2312489 Berlin Die verantwortliche Stelle entscheidet allein oder gemeinsam mit anderen \u00fcber die Zwecke und Mittel der Verarbeitung von personenbezogenen Daten (z.B. Namen, Kontaktdaten o. \u00c4.). Widerruf Ihrer Einwilligung zur DatenverarbeitungNur mit Ihrer ausdr\u00fccklichen [&hellip;]\" \/>\n<meta property=\"og:url\" content=\"https:\/\/reventure.de\/en\/datenschutz\/\" \/>\n<meta property=\"og:site_name\" content=\"Reventure\" \/>\n<meta property=\"article:modified_time\" content=\"2023-05-23T15:57:37+00:00\" \/>\n<meta name=\"twitter:card\" content=\"summary_large_image\" \/>\n<meta name=\"twitter:label1\" content=\"Est. reading time\" \/>\n\t<meta name=\"twitter:data1\" content=\"5 minutes\" \/>\n<script type=\"application\/ld+json\" class=\"yoast-schema-graph\">{\"@context\":\"https:\\\/\\\/schema.org\",\"@graph\":[{\"@type\":\"WebPage\",\"@id\":\"https:\\\/\\\/reventure.de\\\/datenschutz\\\/\",\"url\":\"https:\\\/\\\/reventure.de\\\/datenschutz\\\/\",\"name\":\"Datenschutz - Reventure\",\"isPartOf\":{\"@id\":\"https:\\\/\\\/reventure.de\\\/#website\"},\"datePublished\":\"2022-02-23T16:12:17+00:00\",\"dateModified\":\"2023-05-23T15:57:37+00:00\",\"breadcrumb\":{\"@id\":\"https:\\\/\\\/reventure.de\\\/datenschutz\\\/#breadcrumb\"},\"inLanguage\":\"en-US\",\"potentialAction\":[{\"@type\":\"ReadAction\",\"target\":[\"https:\\\/\\\/reventure.de\\\/datenschutz\\\/\"]}]},{\"@type\":\"BreadcrumbList\",\"@id\":\"https:\\\/\\\/reventure.de\\\/datenschutz\\\/#breadcrumb\",\"itemListElement\":[{\"@type\":\"ListItem\",\"position\":1,\"name\":\"Startseite\",\"item\":\"https:\\\/\\\/reventure.de\\\/\"},{\"@type\":\"ListItem\",\"position\":2,\"name\":\"Datenschutz\"}]},{\"@type\":\"WebSite\",\"@id\":\"https:\\\/\\\/reventure.de\\\/#website\",\"url\":\"https:\\\/\\\/reventure.de\\\/\",\"name\":\"Reventure\",\"description\":\"Energieprojekte der n\u00e4chsten Generation\",\"publisher\":{\"@id\":\"https:\\\/\\\/reventure.de\\\/#organization\"},\"potentialAction\":[{\"@type\":\"SearchAction\",\"target\":{\"@type\":\"EntryPoint\",\"urlTemplate\":\"https:\\\/\\\/reventure.de\\\/?s={search_term_string}\"},\"query-input\":{\"@type\":\"PropertyValueSpecification\",\"valueRequired\":true,\"valueName\":\"search_term_string\"}}],\"inLanguage\":\"en-US\"},{\"@type\":\"Organization\",\"@id\":\"https:\\\/\\\/reventure.de\\\/#organization\",\"name\":\"re.venture GmbH\",\"url\":\"https:\\\/\\\/reventure.de\\\/\",\"logo\":{\"@type\":\"ImageObject\",\"inLanguage\":\"en-US\",\"@id\":\"https:\\\/\\\/reventure.de\\\/#\\\/schema\\\/logo\\\/image\\\/\",\"url\":\"https:\\\/\\\/reventure.de\\\/wp-content\\\/uploads\\\/2022\\\/03\\\/reventure-logo.png\",\"contentUrl\":\"https:\\\/\\\/reventure.de\\\/wp-content\\\/uploads\\\/2022\\\/03\\\/reventure-logo.png\",\"width\":4066,\"height\":1000,\"caption\":\"re.venture GmbH\"},\"image\":{\"@id\":\"https:\\\/\\\/reventure.de\\\/#\\\/schema\\\/logo\\\/image\\\/\"},\"sameAs\":[\"https:\\\/\\\/www.linkedin.com\\\/company\\\/re.venture-gmbh\"]}]}<\/script>\n<!-- \/ Yoast SEO plugin. -->","yoast_head_json":{"title":"Datenschutz - Reventure","robots":{"index":"index","follow":"follow","max-snippet":"max-snippet:-1","max-image-preview":"max-image-preview:large","max-video-preview":"max-video-preview:-1"},"canonical":"https:\/\/reventure.de\/en\/datenschutz\/","og_locale":"en_US","og_type":"article","og_title":"Datenschutz - Reventure","og_description":"Allgemeiner Hinweis und Pflichtinformationen Benennung der verantwortlichen Stelle Die verantwortliche Stelle f\u00fcr die Datenverarbeitung auf dieser Website ist: re.venture GmbHJens KompauerArndtstr. 2312489 Berlin Die verantwortliche Stelle entscheidet allein oder gemeinsam mit anderen \u00fcber die Zwecke und Mittel der Verarbeitung von personenbezogenen Daten (z.B. Namen, Kontaktdaten o. \u00c4.). Widerruf Ihrer Einwilligung zur DatenverarbeitungNur mit Ihrer ausdr\u00fccklichen [&hellip;]","og_url":"https:\/\/reventure.de\/en\/datenschutz\/","og_site_name":"Reventure","article_modified_time":"2023-05-23T15:57:37+00:00","twitter_card":"summary_large_image","twitter_misc":{"Est. reading time":"5 minutes"},"schema":{"@context":"https:\/\/schema.org","@graph":[{"@type":"WebPage","@id":"https:\/\/reventure.de\/datenschutz\/","url":"https:\/\/reventure.de\/datenschutz\/","name":"Datenschutz - Reventure","isPartOf":{"@id":"https:\/\/reventure.de\/#website"},"datePublished":"2022-02-23T16:12:17+00:00","dateModified":"2023-05-23T15:57:37+00:00","breadcrumb":{"@id":"https:\/\/reventure.de\/datenschutz\/#breadcrumb"},"inLanguage":"en-US","potentialAction":[{"@type":"ReadAction","target":["https:\/\/reventure.de\/datenschutz\/"]}]},{"@type":"BreadcrumbList","@id":"https:\/\/reventure.de\/datenschutz\/#breadcrumb","itemListElement":[{"@type":"ListItem","position":1,"name":"Startseite","item":"https:\/\/reventure.de\/"},{"@type":"ListItem","position":2,"name":"Datenschutz"}]},{"@type":"WebSite","@id":"https:\/\/reventure.de\/#website","url":"https:\/\/reventure.de\/","name":"Reventure","description":"Energy projects of the next generation","publisher":{"@id":"https:\/\/reventure.de\/#organization"},"potentialAction":[{"@type":"SearchAction","target":{"@type":"EntryPoint","urlTemplate":"https:\/\/reventure.de\/?s={search_term_string}"},"query-input":{"@type":"PropertyValueSpecification","valueRequired":true,"valueName":"search_term_string"}}],"inLanguage":"en-US"},{"@type":"Organization","@id":"https:\/\/reventure.de\/#organization","name":"re.venture GmbH","url":"https:\/\/reventure.de\/","logo":{"@type":"ImageObject","inLanguage":"en-US","@id":"https:\/\/reventure.de\/#\/schema\/logo\/image\/","url":"https:\/\/reventure.de\/wp-content\/uploads\/2022\/03\/reventure-logo.png","contentUrl":"https:\/\/reventure.de\/wp-content\/uploads\/2022\/03\/reventure-logo.png","width":4066,"height":1000,"caption":"re.venture GmbH"},"image":{"@id":"https:\/\/reventure.de\/#\/schema\/logo\/image\/"},"sameAs":["https:\/\/www.linkedin.com\/company\/re.venture-gmbh"]}]}},"_links":{"self":[{"href":"https:\/\/reventure.de\/en\/wp-json\/wp\/v2\/pages\/6106","targetHints":{"allow":["GET"]}}],"collection":[{"href":"https:\/\/reventure.de\/en\/wp-json\/wp\/v2\/pages"}],"about":[{"href":"https:\/\/reventure.de\/en\/wp-json\/wp\/v2\/types\/page"}],"author":[{"embeddable":true,"href":"https:\/\/reventure.de\/en\/wp-json\/wp\/v2\/users\/1"}],"replies":[{"embeddable":true,"href":"https:\/\/reventure.de\/en\/wp-json\/wp\/v2\/comments?post=6106"}],"version-history":[{"count":13,"href":"https:\/\/reventure.de\/en\/wp-json\/wp\/v2\/pages\/6106\/revisions"}],"predecessor-version":[{"id":10225,"href":"https:\/\/reventure.de\/en\/wp-json\/wp\/v2\/pages\/6106\/revisions\/10225"}],"wp:attachment":[{"href":"https:\/\/reventure.de\/en\/wp-json\/wp\/v2\/media?parent=6106"}],"curies":[{"name":"wp","href":"https:\/\/api.w.org\/{rel}","templated":true}]}}